{"id":169,"date":"2021-01-25T13:40:19","date_gmt":"2021-01-25T12:40:19","guid":{"rendered":"http:\/\/gabeaumo.cluster005.ovh.net\/shop\/?post_type=product&#038;p=169"},"modified":"2024-04-08T14:38:12","modified_gmt":"2024-04-08T12:38:12","slug":"console-mural-1tma-19","status":"publish","type":"product","link":"http:\/\/gabeaumo.cluster005.ovh.net\/shop\/produit\/console-mural-1tma-19\/","title":{"rendered":"Console Murale 11_2019"},"content":{"rendered":"<p>Console murale en h\u00eatre, MDF et stratifi\u00e9<\/p>\n<p class=\"_04xlpA direction-ltr align-start para-style-body\"><span class=\"JsGRdQ\">1TMA\/19<\/span><\/p>\n<p class=\"_04xlpA direction-ltr align-start para-style-body\"><span class=\"JsGRdQ\">Dimension : 40 x 35 x 44<\/span><\/p>\n<p class=\"_04xlpA direction-ltr align-start para-style-body\"><span class=\"JsGRdQ\">R\u00e9f : 11_2019<\/span><\/p>\n<p>(Plusieurs coloris limit\u00e9s disponibles \u00e0 voir au moment du retrait)<\/p>\n","protected":false},"excerpt":{"rendered":"<p>Console murale en h\u00eatre, MDF et stratifi\u00e9 1TMA\/19 Dimension : 40 x 35 x 44 R\u00e9f : 11_2019 (Plusieurs coloris limit\u00e9s disponibles \u00e0 voir au moment du retrait)<\/p>\n","protected":false},"featured_media":296,"comment_status":"open","ping_status":"closed","template":"","meta":[],"product_brand":[],"product_cat":[21],"product_tag":[],"class_list":{"0":"post-169","1":"product","2":"type-product","3":"status-publish","4":"has-post-thumbnail","6":"product_cat-les-grands-objets","8":"first","9":"instock","10":"sale","11":"shipping-taxable","12":"purchasable","13":"product-type-simple"},"_links":{"self":[{"href":"http:\/\/gabeaumo.cluster005.ovh.net\/shop\/wp-json\/wp\/v2\/product\/169","targetHints":{"allow":["GET"]}}],"collection":[{"href":"http:\/\/gabeaumo.cluster005.ovh.net\/shop\/wp-json\/wp\/v2\/product"}],"about":[{"href":"http:\/\/gabeaumo.cluster005.ovh.net\/shop\/wp-json\/wp\/v2\/types\/product"}],"replies":[{"embeddable":true,"href":"http:\/\/gabeaumo.cluster005.ovh.net\/shop\/wp-json\/wp\/v2\/comments?post=169"}],"wp:featuredmedia":[{"embeddable":true,"href":"http:\/\/gabeaumo.cluster005.ovh.net\/shop\/wp-json\/wp\/v2\/media\/296"}],"wp:attachment":[{"href":"http:\/\/gabeaumo.cluster005.ovh.net\/shop\/wp-json\/wp\/v2\/media?parent=169"}],"wp:term":[{"taxonomy":"product_brand","embeddable":true,"href":"http:\/\/gabeaumo.cluster005.ovh.net\/shop\/wp-json\/wp\/v2\/product_brand?post=169"},{"taxonomy":"product_cat","embeddable":true,"href":"http:\/\/gabeaumo.cluster005.ovh.net\/shop\/wp-json\/wp\/v2\/product_cat?post=169"},{"taxonomy":"product_tag","embeddable":true,"href":"http:\/\/gabeaumo.cluster005.ovh.net\/shop\/wp-json\/wp\/v2\/product_tag?post=169"}],"curies":[{"name":"wp","href":"https:\/\/api.w.org\/{rel}","templated":true}]}}