{"id":917,"date":"2021-02-08T16:24:23","date_gmt":"2021-02-08T15:24:23","guid":{"rendered":"http:\/\/gabeaumo.cluster005.ovh.net\/lycmet\/?page_id=917"},"modified":"2021-02-11T09:06:49","modified_gmt":"2021-02-11T08:06:49","slug":"bts-management-commercial-operationnel","status":"publish","type":"page","link":"http:\/\/gabeaumo.cluster005.ovh.net\/lycmet\/bts-management-commercial-operationnel\/","title":{"rendered":"BTS Management Commercial Op\u00e9rationnel"},"content":{"rendered":"\n<p class=\"has-text-align-center\"><a href=\"https:\/\/www.canva.com\/design\/DAEVj7o3w00\/uLT3EmgJrMfwe5c1T8wxGA\/view?utm_content=DAEVj7o3w00&amp;utm_campaign=designshare&amp;utm_medium=link&amp;utm_source=publishsharelink\" data-type=\"URL\" data-id=\"https:\/\/www.canva.com\/design\/DAEVj7o3w00\/uLT3EmgJrMfwe5c1T8wxGA\/view?utm_content=DAEVj7o3w00&amp;utm_campaign=designshare&amp;utm_medium=link&amp;utm_source=publishsharelink\" target=\"_blank\" rel=\"noreferrer noopener\">Plaquette de pr\u00e9sentation du BTS MCO<\/a><\/p>\n\n\n\n<p class=\"has-text-align-center\"><a rel=\"noreferrer noopener\" href=\"https:\/\/www.onisep.fr\/Ressources\/Univers-Formation\/Formations\/Post-bac\/bts-management-commercial-operationnel\" target=\"_blank\" data-type=\"URL\" data-id=\"https:\/\/www.onisep.fr\/Ressources\/Univers-Formation\/Formations\/Post-bac\/bts-management-commercial-operationnel\">FICHE FORMATION ONISEP<\/a><\/p>\n\n\n\n<figure class=\"wp-block-embed is-type-video is-provider-youtube wp-block-embed-youtube wp-embed-aspect-16-9 wp-has-aspect-ratio\"><div class=\"wp-block-embed__wrapper\">\n<iframe loading=\"lazy\" title=\"Pr\u00e9sentation du BTS MCO\" width=\"640\" height=\"360\" src=\"https:\/\/www.youtube.com\/embed\/uPueZg7HAY0?feature=oembed\" frameborder=\"0\" allow=\"accelerometer; autoplay; clipboard-write; encrypted-media; gyroscope; picture-in-picture; web-share\" referrerpolicy=\"strict-origin-when-cross-origin\" allowfullscreen><\/iframe>\n<\/div><\/figure>\n\n\n\n<figure class=\"wp-block-pullquote\"><blockquote><p><strong>APRES LA TERMINALE<\/strong><\/p><\/blockquote><\/figure>\n\n\n\n<div class=\"wp-block-media-text alignwide is-stacked-on-mobile\" style=\"grid-template-columns:19% auto\"><figure class=\"wp-block-media-text__media\"><img loading=\"lazy\" decoding=\"async\" width=\"170\" height=\"255\" src=\"http:\/\/gabeaumo.cluster005.ovh.net\/lycmet\/wp-content\/uploads\/2021\/02\/BTSMCO.jpg\" alt=\"\" class=\"wp-image-1156 size-full\" srcset=\"http:\/\/gabeaumo.cluster005.ovh.net\/lycmet\/wp-content\/uploads\/2021\/02\/BTSMCO.jpg 170w, http:\/\/gabeaumo.cluster005.ovh.net\/lycmet\/wp-content\/uploads\/2021\/02\/BTSMCO-133x200.jpg 133w\" sizes=\"auto, (max-width: 170px) 100vw, 170px\" \/><\/figure><div class=\"wp-block-media-text__content\">\n<p>L&rsquo;enseignement du commerce en BTS au lyc\u00e9e Beaumont, <strong>c&rsquo;est 30 ans <\/strong>d&rsquo;exp\u00e9rience ; une \u00e9quipe p\u00e9dagogique qualifi\u00e9e et stable ; de nombreux partenariats avec les acteurs \u00e9conomiques locaux.<\/p>\n\n\n\n<p>En moyenne <strong>85%<\/strong> des \u00e9tudiants obtiennent leur dipl\u00f4me chaque ann\u00e9e.<\/p>\n<\/div><\/div>\n\n\n\n<figure class=\"wp-block-pullquote\"><blockquote><p><strong>PR\u00c9PARER&nbsp;LE BTS MCO<\/strong><\/p><\/blockquote><\/figure>\n\n\n\n<p class=\"has-text-align-center\"><strong>Enseignement professionnel (19h)<\/strong><\/p>\n\n\n\n<div class=\"wp-block-media-text alignwide has-media-on-the-right is-stacked-on-mobile\" style=\"grid-template-columns:auto 38%\"><figure class=\"wp-block-media-text__media\"><img loading=\"lazy\" decoding=\"async\" width=\"275\" height=\"183\" src=\"http:\/\/gabeaumo.cluster005.ovh.net\/lycmet\/wp-content\/uploads\/2021\/02\/BTSMCO1.jpg\" alt=\"\" class=\"wp-image-1157 size-full\" srcset=\"http:\/\/gabeaumo.cluster005.ovh.net\/lycmet\/wp-content\/uploads\/2021\/02\/BTSMCO1.jpg 275w, http:\/\/gabeaumo.cluster005.ovh.net\/lycmet\/wp-content\/uploads\/2021\/02\/BTSMCO1-200x133.jpg 200w\" sizes=\"auto, (max-width: 275px) 100vw, 275px\" \/><\/figure><div class=\"wp-block-media-text__content\">\n<ul class=\"wp-block-list\" id=\"block-0454b2d8-00c4-4886-ba8d-01990ac4ac34\"><li>Culture g\u00e9n\u00e9rale et expression<\/li><li>LV1 (Anglais)<\/li><li>Culture \u00e9conomique, juridique et manag\u00e9riale<\/li><\/ul>\n<\/div><\/div>\n\n\n\n<p class=\"has-text-align-center\"><strong>Enseignement g\u00e9n\u00e9ral<\/strong> <strong>(9h)<\/strong><\/p>\n\n\n\n<ul class=\"wp-block-list\"><li>Management de l&rsquo;\u00e9quipe commerciale<\/li><li>Gestion op\u00e9rationnelle<\/li><li>Animation et dynamisation de l&rsquo;offre commerciale<\/li><li>D\u00e9veloppement de la relation client et vente conseil<\/li><\/ul>\n\n\n\n<p class=\"has-text-align-center\"><strong>Enseignement facultatif<\/strong><\/p>\n\n\n\n<ul class=\"wp-block-list\"><li>LV2 (espagnol)<\/li><li>Entrepreneuriat<\/li><\/ul>\n\n\n\n<p class=\"has-text-align-center\"><strong><strong>Les p\u00e9riodes de formation en milieu professionnel<\/strong><\/strong><\/p>\n\n\n\n<p><strong>14 \u00e0 16 semaines de stage en unit\u00e9 commerciale<\/strong> sur les deux ann\u00e9es permettent aux \u00e9tudiant.e.s une v\u00e9ritable immersion professionnelle et une meilleure int\u00e9gration dans la vie active.<\/p>\n\n\n\n<p>Des actions commerciales, propos\u00e9es par l&rsquo;\u00e9quipe p\u00e9dagogique, sont \u00e9galement men\u00e9es en collaboration avec des entreprises locales pour d\u00e9couvrir des aspects du m\u00e9tier non abord\u00e9s en stage.<\/p>\n\n\n\n<figure class=\"wp-block-pullquote\"><blockquote><p><strong>APRES LE BTS<\/strong><\/p><\/blockquote><\/figure>\n\n\n\n<p class=\"has-text-align-center\"><strong>D\u00e8s l&rsquo;obtention du BTS<\/strong><\/p>\n\n\n\n<ul class=\"wp-block-list\"><li>Manager adjoint, second de rayon, manager d&rsquo;une unit\u00e9 commerciale de proximit\u00e9&#8230;<\/li><li>Animateur des ventes, conseiller commercial, vendeur-conseil, vendeur-conseil e-commerce, marchandiseur, charg\u00e9 de client\u00e8le en banque ou assurance ou dans l&rsquo;immobilier&#8230;<\/li><\/ul>\n\n\n\n<p class=\"has-text-align-center\"><strong>Avec exp\u00e9rience<\/strong><\/p>\n\n\n\n<ul class=\"wp-block-list\"><li>Manager de rayon, directeur de magasin, responsable de site, responsable d&rsquo;agence, chef d&rsquo;agence commerciale, chef de secteur, responsable d&rsquo;un centre de profits&#8230;<\/li><li>Responsable de client\u00e8le, chef des ventes, responsable e-commerce, responsable de drive&#8230;<\/li><\/ul>\n\n\n\n<figure class=\"wp-block-pullquote\"><blockquote><p><strong>LES EMPLOIS CONCERN\u00c9S<\/strong><\/p><\/blockquote><\/figure>\n\n\n\n<div class=\"wp-block-media-text alignwide is-stacked-on-mobile\" style=\"grid-template-columns:32% auto\"><figure class=\"wp-block-media-text__media\"><img loading=\"lazy\" decoding=\"async\" width=\"275\" height=\"183\" src=\"http:\/\/gabeaumo.cluster005.ovh.net\/lycmet\/wp-content\/uploads\/2021\/02\/BTSMCO2-1.jpg\" alt=\"\" class=\"wp-image-1161 size-full\" srcset=\"http:\/\/gabeaumo.cluster005.ovh.net\/lycmet\/wp-content\/uploads\/2021\/02\/BTSMCO2-1.jpg 275w, http:\/\/gabeaumo.cluster005.ovh.net\/lycmet\/wp-content\/uploads\/2021\/02\/BTSMCO2-1-200x133.jpg 200w\" sizes=\"auto, (max-width: 275px) 100vw, 275px\" \/><\/figure><div class=\"wp-block-media-text__content\">\n<p><em>Les m\u00e9tiers vis\u00e9s sont tr\u00e8s diversifi\u00e9s.<\/em><\/p>\n\n\n\n<p>Ceux qui les exercent sont soit des salari\u00e9s soit des ind\u00e9pendants.<\/p>\n<\/div><\/div>\n\n\n\n<p>Ils acc\u00e8dent, en fonction de leur exp\u00e9rience, de la taille de l&rsquo;entreprise et des opportunit\u00e9s, \u00e0 plusieurs niveaux de responsabilit\u00e9.<\/p>\n","protected":false},"excerpt":{"rendered":"<p>Plaquette de pr\u00e9sentation du BTS MCO FICHE FORMATION ONISEP APRES LA TERMINALE L&rsquo;enseignement du commerce en BTS au lyc\u00e9e Beaumont, c&rsquo;est 30 ans d&rsquo;exp\u00e9rience ; une \u00e9quipe p\u00e9dagogique qualifi\u00e9e et stable ; de nombreux partenariats avec les acteurs \u00e9conomiques locaux. En moyenne 85% des \u00e9tudiants obtiennent leur dipl\u00f4me chaque ann\u00e9e. PR\u00c9PARER&nbsp;LE BTS MCO Enseignement professionnel&#8230;<\/p>\n","protected":false},"author":2,"featured_media":0,"parent":0,"menu_order":0,"comment_status":"closed","ping_status":"closed","template":"","meta":{"ngg_post_thumbnail":0,"footnotes":""},"class_list":["post-917","page","type-page","status-publish","hentry"],"_links":{"self":[{"href":"http:\/\/gabeaumo.cluster005.ovh.net\/lycmet\/wp-json\/wp\/v2\/pages\/917","targetHints":{"allow":["GET"]}}],"collection":[{"href":"http:\/\/gabeaumo.cluster005.ovh.net\/lycmet\/wp-json\/wp\/v2\/pages"}],"about":[{"href":"http:\/\/gabeaumo.cluster005.ovh.net\/lycmet\/wp-json\/wp\/v2\/types\/page"}],"author":[{"embeddable":true,"href":"http:\/\/gabeaumo.cluster005.ovh.net\/lycmet\/wp-json\/wp\/v2\/users\/2"}],"replies":[{"embeddable":true,"href":"http:\/\/gabeaumo.cluster005.ovh.net\/lycmet\/wp-json\/wp\/v2\/comments?post=917"}],"version-history":[{"count":7,"href":"http:\/\/gabeaumo.cluster005.ovh.net\/lycmet\/wp-json\/wp\/v2\/pages\/917\/revisions"}],"predecessor-version":[{"id":1184,"href":"http:\/\/gabeaumo.cluster005.ovh.net\/lycmet\/wp-json\/wp\/v2\/pages\/917\/revisions\/1184"}],"wp:attachment":[{"href":"http:\/\/gabeaumo.cluster005.ovh.net\/lycmet\/wp-json\/wp\/v2\/media?parent=917"}],"curies":[{"name":"wp","href":"https:\/\/api.w.org\/{rel}","templated":true}]}}