{"id":916,"date":"2021-02-08T16:24:21","date_gmt":"2021-02-08T15:24:21","guid":{"rendered":"http:\/\/gabeaumo.cluster005.ovh.net\/lycmet\/?page_id=916"},"modified":"2021-02-16T10:57:43","modified_gmt":"2021-02-16T09:57:43","slug":"bts-support-a-laction-manageriale","status":"publish","type":"page","link":"http:\/\/gabeaumo.cluster005.ovh.net\/lycmet\/bts-support-a-laction-manageriale\/","title":{"rendered":"BTS Support \u00e0 l&rsquo;Action Manag\u00e9riale"},"content":{"rendered":"\n<p class=\"has-text-align-center\"><a rel=\"noreferrer noopener\" href=\"https:\/\/www.canva.com\/design\/DAEVjxa6PUw\/tGETfnO3TOPjSiZQ_ThsRA\/view?utm_content=DAEVjxa6PUw&amp;utm_campaign=designshare&amp;utm_medium=link&amp;utm_source=publishsharelink\" data-type=\"URL\" data-id=\"https:\/\/www.canva.com\/design\/DAEVjxa6PUw\/tGETfnO3TOPjSiZQ_ThsRA\/view?utm_content=DAEVjxa6PUw&amp;utm_campaign=designshare&amp;utm_medium=link&amp;utm_source=publishsharelink\" target=\"_blank\">Plaquette de pr\u00e9sentation du BTS SAM<\/a><\/p>\n\n\n\n<p class=\"has-text-align-center\"><a href=\"https:\/\/www.onisep.fr\/Choisir-mes-etudes\/Ma-premiere-annee-en-BTS-et-DCG\/BTS-Support-a-l-action-manageriale\" data-type=\"URL\" data-id=\"https:\/\/www.onisep.fr\/Choisir-mes-etudes\/Ma-premiere-annee-en-BTS-et-DCG\/BTS-Support-a-l-action-manageriale\" target=\"_blank\" rel=\"noreferrer noopener\">FICHE FORMATION ONISEP<\/a><\/p>\n\n\n\n<figure class=\"wp-block-embed is-type-video is-provider-youtube wp-block-embed-youtube wp-embed-aspect-16-9 wp-has-aspect-ratio\"><div class=\"wp-block-embed__wrapper\">\n<iframe loading=\"lazy\" title=\"Pr\u00e9sentation du BTS SAM\" width=\"640\" height=\"360\" src=\"https:\/\/www.youtube.com\/embed\/kDOf6Z7OzLY?feature=oembed\" frameborder=\"0\" allow=\"accelerometer; autoplay; clipboard-write; encrypted-media; gyroscope; picture-in-picture; web-share\" referrerpolicy=\"strict-origin-when-cross-origin\" allowfullscreen><\/iframe>\n<\/div><\/figure>\n\n\n\n<figure class=\"wp-block-embed is-type-video is-provider-youtube wp-block-embed-youtube wp-embed-aspect-16-9 wp-has-aspect-ratio\"><div class=\"wp-block-embed__wrapper\">\n<iframe loading=\"lazy\" title=\"vid\u00e9o bts sam officielle\" width=\"640\" height=\"360\" src=\"https:\/\/www.youtube.com\/embed\/Xiln5EnGkrc?feature=oembed\" frameborder=\"0\" allow=\"accelerometer; autoplay; clipboard-write; encrypted-media; gyroscope; picture-in-picture; web-share\" referrerpolicy=\"strict-origin-when-cross-origin\" allowfullscreen><\/iframe>\n<\/div><\/figure>\n\n\n\n<figure class=\"wp-block-pullquote\"><blockquote><p><strong>APRES LA TERMINALE<\/strong><\/p><\/blockquote><\/figure>\n\n\n\n<div class=\"wp-block-media-text alignwide is-stacked-on-mobile\" style=\"grid-template-columns:27% auto\"><figure class=\"wp-block-media-text__media\"><img loading=\"lazy\" decoding=\"async\" width=\"275\" height=\"183\" src=\"http:\/\/gabeaumo.cluster005.ovh.net\/lycmet\/wp-content\/uploads\/2021\/02\/SAM1.jpg\" alt=\"\" class=\"wp-image-1174 size-full\" srcset=\"http:\/\/gabeaumo.cluster005.ovh.net\/lycmet\/wp-content\/uploads\/2021\/02\/SAM1.jpg 275w, http:\/\/gabeaumo.cluster005.ovh.net\/lycmet\/wp-content\/uploads\/2021\/02\/SAM1-200x133.jpg 200w\" sizes=\"auto, (max-width: 275px) 100vw, 275px\" \/><\/figure><div class=\"wp-block-media-text__content\">\n<p>Se former en 2 ans au m\u00e9tier d&rsquo;Office Manager :<\/p>\n\n\n\n<ul class=\"wp-block-list\"><li>Prendre des initiatives<\/li><li>Organiser la mise en oeuvre et l&rsquo;application des d\u00e9cisions<\/li><li>Mener des projets en relation avec des partenaires fran\u00e7ais ou \u00e9trangers<\/li><\/ul>\n<\/div><\/div>\n\n\n\n<figure class=\"wp-block-pullquote\"><blockquote><p><strong>PR\u00c9PARER&nbsp;LE BTS SAM<\/strong><\/p><\/blockquote><\/figure>\n\n\n\n<p class=\"has-text-align-center\"><strong>Enseignement professionnel (22h)<\/strong><\/p>\n\n\n\n<div class=\"wp-block-media-text alignwide has-media-on-the-right is-stacked-on-mobile\" style=\"grid-template-columns:auto 38%\"><figure class=\"wp-block-media-text__media\"><img loading=\"lazy\" decoding=\"async\" width=\"311\" height=\"162\" src=\"http:\/\/gabeaumo.cluster005.ovh.net\/lycmet\/wp-content\/uploads\/2021\/02\/SAM2.jpg\" alt=\"\" class=\"wp-image-1176 size-full\" srcset=\"http:\/\/gabeaumo.cluster005.ovh.net\/lycmet\/wp-content\/uploads\/2021\/02\/SAM2.jpg 311w, http:\/\/gabeaumo.cluster005.ovh.net\/lycmet\/wp-content\/uploads\/2021\/02\/SAM2-300x156.jpg 300w, http:\/\/gabeaumo.cluster005.ovh.net\/lycmet\/wp-content\/uploads\/2021\/02\/SAM2-200x104.jpg 200w\" sizes=\"auto, (max-width: 311px) 100vw, 311px\" \/><\/figure><div class=\"wp-block-media-text__content\">\n<ul class=\"wp-block-list\" id=\"block-0454b2d8-00c4-4886-ba8d-01990ac4ac34\"><li>Optimiser les Processus Administratifs<\/li><li>G\u00e9rer des Projets<\/li><li>Collaboration \u00e0 la Gestion des Ressources Humaines<\/li><li>Culture \u00c9conomique Juridique et Manag\u00e9riale<\/li><li>Ateliers de professionnalisation et de Culture \u00c9conomique, Juridique et Manag\u00e9riale appliqu\u00e9e<\/li><\/ul>\n<\/div><\/div>\n\n\n\n<p class=\"has-text-align-center\"><strong>Enseignement g\u00e9n\u00e9ral<\/strong> <strong>(9h)<\/strong><\/p>\n\n\n\n<ul class=\"wp-block-list\"><li>Langues \u00e9trang\u00e8res : Anglais B2, Espagnol B1<\/li><li>Culture G\u00e9n\u00e9rale et Expression Fran\u00e7aise<\/li><\/ul>\n\n\n\n<p class=\"has-text-align-center\"><strong><strong>Les p\u00e9riodes de formation en milieu professionnel<\/strong><\/strong><\/p>\n\n\n\n<p>Dur\u00e9e de 14 \u00e0 16 semaines de stage :<\/p>\n\n\n\n<ul class=\"wp-block-list\"><li><strong>1 stage \u00e0 l&rsquo;\u00e9tranger <\/strong>ou dans un contexte international en<strong> 1\u00e8re&nbsp;ann\u00e9e <\/strong>(mai\/juin)<\/li><li><strong>1 stage en 2\u00e8me ann\u00e9e<\/strong> (novembre\/d\u00e9cembre)<\/li><\/ul>\n\n\n\n<figure class=\"wp-block-pullquote\"><blockquote><p><strong>APRES LE BTS<\/strong><\/p><\/blockquote><\/figure>\n\n\n\n<p class=\"has-text-align-center\"><strong>D\u00e8s l&rsquo;obtention du BTS<\/strong><\/p>\n\n\n\n<div class=\"wp-block-media-text alignwide is-stacked-on-mobile\" style=\"grid-template-columns:28% auto\"><figure class=\"wp-block-media-text__media\"><img loading=\"lazy\" decoding=\"async\" width=\"285\" height=\"177\" src=\"http:\/\/gabeaumo.cluster005.ovh.net\/lycmet\/wp-content\/uploads\/2021\/02\/SAM3-1.jpg\" alt=\"\" class=\"wp-image-1187 size-full\" srcset=\"http:\/\/gabeaumo.cluster005.ovh.net\/lycmet\/wp-content\/uploads\/2021\/02\/SAM3-1.jpg 285w, http:\/\/gabeaumo.cluster005.ovh.net\/lycmet\/wp-content\/uploads\/2021\/02\/SAM3-1-200x124.jpg 200w\" sizes=\"auto, (max-width: 285px) 100vw, 285px\" \/><\/figure><div class=\"wp-block-media-text__content\">\n<ul class=\"wp-block-list\" id=\"block-32e96468-2008-46af-9d29-521e3f58d1d1\"><li>Office Manager<\/li><li>Assistant (RH, logistique, commercial, marketing&#8230;)<\/li><li>Charg\u00e9 de recrutement dans toutes structures<\/li><\/ul>\n<\/div><\/div>\n\n\n\n<p class=\"has-text-align-center\"><strong>Poursuite d&rsquo;\u00e9tude<\/strong><\/p>\n\n\n\n<p class=\"has-text-align-left\">licences professionnelles:<\/p>\n\n\n\n<ul class=\"wp-block-list\"><li>Ressources Humaines<\/li><li>Qualit\u00e9<\/li><li>\u00c9v\u00e9nementiel<\/li><li>Commerciale<\/li><li>Tourisme<\/li><li>Gestion des risques<\/li><\/ul>\n\n\n\n<p><\/p>\n","protected":false},"excerpt":{"rendered":"<p>Plaquette de pr\u00e9sentation du BTS SAM FICHE FORMATION ONISEP APRES LA TERMINALE Se former en 2 ans au m\u00e9tier d&rsquo;Office Manager : Prendre des initiatives Organiser la mise en oeuvre et l&rsquo;application des d\u00e9cisions Mener des projets en relation avec des partenaires fran\u00e7ais ou \u00e9trangers PR\u00c9PARER&nbsp;LE BTS SAM Enseignement professionnel (22h) Optimiser les Processus Administratifs&#8230;<\/p>\n","protected":false},"author":2,"featured_media":0,"parent":0,"menu_order":0,"comment_status":"closed","ping_status":"closed","template":"","meta":{"ngg_post_thumbnail":0,"footnotes":""},"class_list":["post-916","page","type-page","status-publish","hentry"],"_links":{"self":[{"href":"http:\/\/gabeaumo.cluster005.ovh.net\/lycmet\/wp-json\/wp\/v2\/pages\/916","targetHints":{"allow":["GET"]}}],"collection":[{"href":"http:\/\/gabeaumo.cluster005.ovh.net\/lycmet\/wp-json\/wp\/v2\/pages"}],"about":[{"href":"http:\/\/gabeaumo.cluster005.ovh.net\/lycmet\/wp-json\/wp\/v2\/types\/page"}],"author":[{"embeddable":true,"href":"http:\/\/gabeaumo.cluster005.ovh.net\/lycmet\/wp-json\/wp\/v2\/users\/2"}],"replies":[{"embeddable":true,"href":"http:\/\/gabeaumo.cluster005.ovh.net\/lycmet\/wp-json\/wp\/v2\/comments?post=916"}],"version-history":[{"count":9,"href":"http:\/\/gabeaumo.cluster005.ovh.net\/lycmet\/wp-json\/wp\/v2\/pages\/916\/revisions"}],"predecessor-version":[{"id":1276,"href":"http:\/\/gabeaumo.cluster005.ovh.net\/lycmet\/wp-json\/wp\/v2\/pages\/916\/revisions\/1276"}],"wp:attachment":[{"href":"http:\/\/gabeaumo.cluster005.ovh.net\/lycmet\/wp-json\/wp\/v2\/media?parent=916"}],"curies":[{"name":"wp","href":"https:\/\/api.w.org\/{rel}","templated":true}]}}