{"id":83,"date":"2021-01-19T09:19:05","date_gmt":"2021-01-19T08:19:05","guid":{"rendered":"http:\/\/gabeaumo.cluster005.ovh.net\/lycmet\/?page_id=83"},"modified":"2021-02-16T14:24:52","modified_gmt":"2021-02-16T13:24:52","slug":"macon","status":"publish","type":"page","link":"http:\/\/gabeaumo.cluster005.ovh.net\/lycmet\/macon\/","title":{"rendered":"Ma\u00e7on"},"content":{"rendered":"\n<div class=\"wp-block-buttons is-layout-flex wp-block-buttons-is-layout-flex\">\n<div class=\"wp-block-button has-custom-width wp-block-button__width-100\"><a class=\"wp-block-button__link has-white-color has-vivid-red-background-color has-text-color has-background no-border-radius\" href=\"https:\/\/docs.google.com\/forms\/d\/e\/1FAIpQLScxfwsfN1Xp42lojDvsOAu2yB7VVQ0u7HJWyflR1lB5QdHn7g\/viewform\" target=\"_blank\" rel=\"noreferrer noopener\">Prendre RDV au lyc\u00e9e avec un enseignant et d\u00e9couvrir la formation. Cliquer ici !!!<\/a><\/div>\n<\/div>\n\n\n\n<p class=\"has-text-align-center\"><a rel=\"noreferrer noopener\" href=\"https:\/\/www.canva.com\/design\/DAEP8u5sHnk\/WKTk_6DO6TKd0-_eAiXBBw\/view?utm_content=DAEP8u5sHnk&amp;utm_campaign=designshare&amp;utm_medium=link&amp;utm_source=publishsharelink\" target=\"_blank\"><span class=\"has-inline-color has-vivid-red-color\">T\u00e9l\u00e9charger la plaquette de pr\u00e9sentation du CAP MAC<\/span><\/a><\/p>\n\n\n\n<p class=\"has-text-align-center\"><a href=\"https:\/\/www.onisep.fr\/Ressources\/Univers-Formation\/Formations\/Lycees\/cap-macon\" target=\"_blank\" rel=\"noreferrer noopener\"><span class=\"has-inline-color has-vivid-red-color\">FICHE FORMATION ONISEP<\/span><\/a><\/p>\n\n\n\n<figure class=\"wp-block-pullquote\">\r\n<blockquote>\r\n<h2 style=\"text-align: center;\"><strong>APRES LA 3EME<\/strong><\/h2>\r\n<\/blockquote>\r\n<\/figure>\n\n\n\n<div class=\"wp-block-media-text alignwide is-stacked-on-mobile\" style=\"grid-template-columns:38% auto\"><figure class=\"wp-block-media-text__media\"><img loading=\"lazy\" decoding=\"async\" width=\"275\" height=\"183\" src=\"http:\/\/gabeaumo.cluster005.ovh.net\/lycmet\/wp-content\/uploads\/2021\/01\/MAC-2.jpg\" alt=\"\" class=\"wp-image-171 size-full\"\/><\/figure><div class=\"wp-block-media-text__content\">\n<p>Vous aimez le travail manuel \u00e0 l&rsquo;ext\u00e9rieur et le travail en \u00e9quipe, l&rsquo;action et la changement. Vous avez le sens de l&rsquo;organisation et vous savez travailler autonomie<\/p>\n\n\n\n<p>Pour vous aider dans votre choix, vous pouvez effectuer un mini stage de d\u00e9couverte pendant une demi-journ\u00e9e avec les \u00e9l\u00e8ves en CAP Ma\u00e7on.<\/p>\n<\/div><\/div>\n\n\n\n<figure class=\"wp-block-pullquote\">\r\n<blockquote>\r\n<h2 style=\"text-align: center;\"><strong>PR\u00c9PARER\u00a0LE CAP ATMFC<\/strong><\/h2>\r\n<cite><strong>LA FORMATION<\/strong> (<strong>horaire 30h hebdo)<\/strong><\/cite><\/blockquote>\r\n<\/figure>\n\n\n\n<div class=\"wp-block-group\"><div class=\"wp-block-group__inner-container is-layout-flow wp-block-group-is-layout-flow\">\n<p class=\"has-text-align-center\"><strong>Enseignements professionnels<\/strong><\/p>\n\n\n\n<ul class=\"wp-block-list\"><li>Connaissance des mat\u00e9riaux (b\u00e9ton, mortier, enduit\u2026)&nbsp;et mat\u00e9riels (outils \u00e0 main et m\u00e9caniques)<\/li><li>Lecture de plans, dessins professionnels<\/li><li>Travaux pratiques, ouvrages de ma\u00e7onnerie<\/li><li>Technologie<\/li><li>Sant\u00e9 et s\u00e9curit\u00e9 au travail<\/li><\/ul>\n<\/div><\/div>\n\n\n\n<p class=\"has-text-align-center\"><strong>Enseignements g\u00e9n\u00e9raux<\/strong><\/p>\n\n\n\n<div class=\"wp-block-media-text alignwide has-media-on-the-right is-stacked-on-mobile\" style=\"grid-template-columns:auto 43%\"><figure class=\"wp-block-media-text__media\"><img loading=\"lazy\" decoding=\"async\" width=\"318\" height=\"159\" src=\"http:\/\/gabeaumo.cluster005.ovh.net\/lycmet\/wp-content\/uploads\/2021\/01\/MAC.jpg\" alt=\"\" class=\"wp-image-172 size-full\" srcset=\"http:\/\/gabeaumo.cluster005.ovh.net\/lycmet\/wp-content\/uploads\/2021\/01\/MAC.jpg 318w, http:\/\/gabeaumo.cluster005.ovh.net\/lycmet\/wp-content\/uploads\/2021\/01\/MAC-300x150.jpg 300w\" sizes=\"auto, (max-width: 318px) 100vw, 318px\" \/><\/figure><div class=\"wp-block-media-text__content\">\n<ul class=\"wp-block-list\" id=\"block-a4192e8c-4ead-44d5-8944-485d736841e1\"><li>Fran\u00e7ais<\/li><li>Histoire-G\u00e9ographie<\/li><li>\u00c9ducation Civique<\/li><li>Math\u00e9matiques<\/li><li>Physique-Chimie<\/li><li>Langue vivante<\/li><\/ul>\n<\/div><\/div>\n\n\n\n<p class=\"has-text-align-center\"><strong>Les p\u00e9riodes de formation en milieu professionnel<\/strong><\/p>\n\n\n\n<p>14 semaines dont :<\/p>\n\n\n\n<ul class=\"wp-block-list\"><li><strong>1 semaine<\/strong> pr\u00e9paration de stage;<\/li><li><strong>11 semaines<\/strong> maximum en structures collectives,<\/li><li><strong>2 semaines<\/strong> minimum au domicile des personnes.<\/li><\/ul>\n\n\n\n<figure class=\"wp-block-pullquote\">\r\n<blockquote>\r\n<h2 style=\"text-align: center;\"><strong>POURSUITES D\u2019\u00c9TUDES<\/strong><\/h2>\r\n<\/blockquote>\r\n<\/figure>\n\n\n\n<p class=\"has-text-align-center\"><strong>CAP ou Mention compl\u00e9mentaire ou Bac pro ou Brevet professionnel<\/strong><\/p>\n\n\n\n<ul class=\"wp-block-list\"><li>CAP Carreleur mosa\u00efste<\/li><li>CAP M\u00e9tiers du pl\u00e2tre et de l&rsquo;isolation<\/li><li>MC Plaquiste<\/li><li>Bac pro Interventions sur le patrimoine b\u00e2ti option ma\u00e7onnerie<\/li><li>Bac pro Technicien du b\u00e2timent : organisation et r\u00e9alisation du gros oeuvre<\/li><li>Bac pro Travaux publics<\/li><li>BP Ma\u00e7on<\/li><li>BP M\u00e9tiers de la piscine<\/li><li>BP M\u00e9tiers du pl\u00e2tre et de l&rsquo;isolation<\/li><\/ul>\n\n\n\n<p class=\"has-text-align-center\"><strong>Vie active<\/strong><\/p>\n\n\n\n<ul class=\"wp-block-list\"><li>Fa\u00e7adier<\/li><li>Ma\u00e7on<\/li><\/ul>\n\n\n\n<figure class=\"wp-block-pullquote\">\r\n<blockquote>\r\n<h2 style=\"text-align: center;\"><strong>LE M\u00c9TIER<\/strong><\/h2>\r\n<\/blockquote>\r\n<\/figure>\n\n\n\n<div class=\"wp-block-media-text alignwide is-stacked-on-mobile\"><figure class=\"wp-block-media-text__media\"><img loading=\"lazy\" decoding=\"async\" width=\"1024\" height=\"576\" src=\"http:\/\/gabeaumo.cluster005.ovh.net\/lycmet\/wp-content\/uploads\/2021\/01\/20191211_113702-1-1024x576.jpg\" alt=\"\" class=\"wp-image-173 size-full\" srcset=\"http:\/\/gabeaumo.cluster005.ovh.net\/lycmet\/wp-content\/uploads\/2021\/01\/20191211_113702-1-1024x576.jpg 1024w, http:\/\/gabeaumo.cluster005.ovh.net\/lycmet\/wp-content\/uploads\/2021\/01\/20191211_113702-1-300x169.jpg 300w, http:\/\/gabeaumo.cluster005.ovh.net\/lycmet\/wp-content\/uploads\/2021\/01\/20191211_113702-1-768x432.jpg 768w, http:\/\/gabeaumo.cluster005.ovh.net\/lycmet\/wp-content\/uploads\/2021\/01\/20191211_113702-1-1536x864.jpg 1536w, http:\/\/gabeaumo.cluster005.ovh.net\/lycmet\/wp-content\/uploads\/2021\/01\/20191211_113702-1-2048x1152.jpg 2048w, http:\/\/gabeaumo.cluster005.ovh.net\/lycmet\/wp-content\/uploads\/2021\/01\/20191211_113702-1-850x478.jpg 850w\" sizes=\"auto, (max-width: 1024px) 100vw, 1024px\" \/><\/figure><div class=\"wp-block-media-text__content\">\n<p>A partir de la lecture du plan de construction, le ma\u00e7on trace les limites de l&rsquo;ouvrage sur le terrain, coule les fondations et monte les \u00e9l\u00e9ments porteurs : murs (parpaings, briquettes&#8230;) et planchers. Puis, il applique les enduits de finition sur les murs.<\/p>\n\n\n\n<p>Pour les gros chantiers, il peut aussi r\u00e9aliser les \u00e9l\u00e9ments et structures porteuses en b\u00e9ton.<\/p>\n<\/div><\/div>\n\n\n\n<p>Les chantiers sont le plus souvent en plein air, mais les conditions de travail se sont am\u00e9lior\u00e9es : les machines r\u00e9alisent les t\u00e2ches les plus dures comme la manutention.<\/p>\n","protected":false},"excerpt":{"rendered":"<p>T\u00e9l\u00e9charger la plaquette de pr\u00e9sentation du CAP MAC FICHE FORMATION ONISEP APRES LA 3EME Vous aimez le travail manuel \u00e0 l&rsquo;ext\u00e9rieur et le travail en \u00e9quipe, l&rsquo;action et la changement. Vous avez le sens de l&rsquo;organisation et vous savez travailler autonomie Pour vous aider dans votre choix, vous pouvez effectuer un mini stage de d\u00e9couverte&#8230;<\/p>\n","protected":false},"author":2,"featured_media":0,"parent":0,"menu_order":0,"comment_status":"closed","ping_status":"closed","template":"","meta":{"ngg_post_thumbnail":0,"footnotes":""},"class_list":["post-83","page","type-page","status-publish","hentry"],"_links":{"self":[{"href":"http:\/\/gabeaumo.cluster005.ovh.net\/lycmet\/wp-json\/wp\/v2\/pages\/83","targetHints":{"allow":["GET"]}}],"collection":[{"href":"http:\/\/gabeaumo.cluster005.ovh.net\/lycmet\/wp-json\/wp\/v2\/pages"}],"about":[{"href":"http:\/\/gabeaumo.cluster005.ovh.net\/lycmet\/wp-json\/wp\/v2\/types\/page"}],"author":[{"embeddable":true,"href":"http:\/\/gabeaumo.cluster005.ovh.net\/lycmet\/wp-json\/wp\/v2\/users\/2"}],"replies":[{"embeddable":true,"href":"http:\/\/gabeaumo.cluster005.ovh.net\/lycmet\/wp-json\/wp\/v2\/comments?post=83"}],"version-history":[{"count":13,"href":"http:\/\/gabeaumo.cluster005.ovh.net\/lycmet\/wp-json\/wp\/v2\/pages\/83\/revisions"}],"predecessor-version":[{"id":1289,"href":"http:\/\/gabeaumo.cluster005.ovh.net\/lycmet\/wp-json\/wp\/v2\/pages\/83\/revisions\/1289"}],"wp:attachment":[{"href":"http:\/\/gabeaumo.cluster005.ovh.net\/lycmet\/wp-json\/wp\/v2\/media?parent=83"}],"curies":[{"name":"wp","href":"https:\/\/api.w.org\/{rel}","templated":true}]}}