{"id":77,"date":"2021-01-19T09:17:26","date_gmt":"2021-01-19T08:17:26","guid":{"rendered":"http:\/\/gabeaumo.cluster005.ovh.net\/lycmet\/?page_id=77"},"modified":"2021-03-13T16:26:03","modified_gmt":"2021-03-13T15:26:03","slug":"production-et-service-en-restaurations","status":"publish","type":"page","link":"http:\/\/gabeaumo.cluster005.ovh.net\/lycmet\/production-et-service-en-restaurations\/","title":{"rendered":"Production et service en restaurations"},"content":{"rendered":"\r\n<div class=\"wp-block-buttons is-layout-flex wp-block-buttons-is-layout-flex\">\r\n<div class=\"wp-block-button has-custom-width wp-block-button__width-100\"><a class=\"wp-block-button__link has-white-color has-vivid-red-background-color has-text-color has-background no-border-radius\" href=\"https:\/\/docs.google.com\/forms\/d\/e\/1FAIpQLScxfwsfN1Xp42lojDvsOAu2yB7VVQ0u7HJWyflR1lB5QdHn7g\/viewform\" target=\"_blank\" rel=\"noreferrer noopener\">Prendre RDV au lyc\u00e9e avec un enseignant et d\u00e9couvrir la formation. Cliquer ici !!!<\/a><\/div>\r\n<\/div>\r\n\r\n\r\n\r\n<p class=\"has-text-align-center\"><a href=\"https:\/\/www.canva.com\/design\/DAEP82RmhHc\/FC0y75RlGaFP55K8Netgkg\/view?utm_content=DAEP82RmhHc&amp;utm_campaign=designshare&amp;utm_medium=link&amp;utm_source=publishsharelink\" target=\"_blank\" rel=\"noreferrer noopener\"><span class=\"has-inline-color has-vivid-red-color\">T\u00e9l\u00e9charger la plaquette de pr\u00e9sentation du CAP PSR<\/span><\/a><\/p>\r\n\r\n\r\n\r\n<p class=\"has-text-align-center\"><a href=\"https:\/\/www.onisep.fr\/Ressources\/Univers-Formation\/Formations\/Lycees\/cap-production-et-service-en-restaurations-rapide-collective-cafeteria\" target=\"_blank\" rel=\"noreferrer noopener\"><span class=\"has-inline-color has-vivid-red-color\">FICHE FORMATION ONISEP<\/span><\/a><\/p>\r\n\r\n\r\n\r\n<div class=\"wp-block-buttons is-content-justification-center is-layout-flex wp-block-buttons-is-layout-flex\">&nbsp;<\/div>\r\n\r\n\r\n\r\n<figure class=\"wp-block-pullquote\">\r\n<blockquote>\r\n<h2 style=\"text-align: center;\"><strong>APRES LA 3EME<\/strong><\/h2>\r\n<\/blockquote>\r\n<\/figure>\r\n\r\n\r\n\r\n<div class=\"wp-block-media-text alignwide is-stacked-on-mobile\" style=\"grid-template-columns: 38% auto;\">\r\n<figure class=\"wp-block-media-text__media\"><img loading=\"lazy\" decoding=\"async\" width=\"259\" height=\"194\" class=\"wp-image-185 size-full\" src=\"http:\/\/gabeaumo.cluster005.ovh.net\/lycmet\/wp-content\/uploads\/2021\/01\/PSR.jpg\" alt=\"\"><\/figure>\r\n<div class=\"wp-block-media-text__content\">\r\n<p>Vous aimer le service aupr\u00e8s des personnes, la cuisine et l&rsquo;action. Vous avez le sens de l&rsquo;organisation et le go\u00fbt du travail bien fait<\/p>\r\n\r\n\r\n\r\n<p>Pour vous aider dans votre choix, vous pouvez effectuer un mini stage de d\u00e9couverte pendant une demi-journ\u00e9e.<\/p>\r\n<\/div>\r\n<\/div>\r\n\r\n\r\n\r\n<figure class=\"wp-block-pullquote\">\r\n<blockquote>\r\n<h2 style=\"text-align: center;\"><strong>PR\u00c9PARER LE CAP PSR<\/strong><\/h2>\r\n<cite><strong>LA FORMATION<\/strong> (<strong>horaire 30h hebdo)<\/strong><\/cite><\/blockquote>\r\n<\/figure>\r\n\r\n\r\n\r\n<div class=\"wp-block-group\">\r\n<div class=\"wp-block-group__inner-container is-layout-flow wp-block-group-is-layout-flow\">\r\n<p class=\"has-text-align-center\"><strong>Enseignements professionnels<\/strong><\/p>\r\n\r\n\r\n\r\n<ul class=\"wp-block-list\">\r\n<li>Techniques professionnelles<\/li>\r\n<li>connaissances des&nbsp;&nbsp; milieux&nbsp;&nbsp; professionnels,<\/li>\r\n<li>alimentation,<\/li>\r\n<\/ul>\r\n<\/div>\r\n<\/div>\r\n\r\n\r\n\r\n<p class=\"has-text-align-center\"><strong>Enseignements g\u00e9n\u00e9raux<\/strong><\/p>\r\n\r\n\r\n\r\n<div class=\"wp-block-media-text alignwide has-media-on-the-right is-stacked-on-mobile\" style=\"grid-template-columns: auto 43%;\">\r\n<figure class=\"wp-block-media-text__media\"><img loading=\"lazy\" decoding=\"async\" width=\"1024\" height=\"753\" class=\"wp-image-186 size-full\" src=\"http:\/\/gabeaumo.cluster005.ovh.net\/lycmet\/wp-content\/uploads\/2021\/01\/IMG_5855-1024x753.jpg\" alt=\"\" srcset=\"http:\/\/gabeaumo.cluster005.ovh.net\/lycmet\/wp-content\/uploads\/2021\/01\/IMG_5855-1024x753.jpg 1024w, http:\/\/gabeaumo.cluster005.ovh.net\/lycmet\/wp-content\/uploads\/2021\/01\/IMG_5855-300x221.jpg 300w, http:\/\/gabeaumo.cluster005.ovh.net\/lycmet\/wp-content\/uploads\/2021\/01\/IMG_5855-768x565.jpg 768w, http:\/\/gabeaumo.cluster005.ovh.net\/lycmet\/wp-content\/uploads\/2021\/01\/IMG_5855-1536x1130.jpg 1536w, http:\/\/gabeaumo.cluster005.ovh.net\/lycmet\/wp-content\/uploads\/2021\/01\/IMG_5855-2048x1507.jpg 2048w, http:\/\/gabeaumo.cluster005.ovh.net\/lycmet\/wp-content\/uploads\/2021\/01\/IMG_5855-850x625.jpg 850w\" sizes=\"auto, (max-width: 1024px) 100vw, 1024px\" \/><\/figure>\r\n<div class=\"wp-block-media-text__content\">\r\n<ul class=\"wp-block-list\" id=\"block-a4192e8c-4ead-44d5-8944-485d736841e1\">\r\n<li>Fran\u00e7ais<\/li>\r\n<li>Histoire-G\u00e9ographie<\/li>\r\n<li>Enseignement morale et civique<\/li>\r\n<li>Math\u00e9matique<\/li>\r\n<li>Sciences physiques&nbsp; et&nbsp; chimie,<\/li>\r\n<li>EPS,<\/li>\r\n<li>Arts&nbsp; appliqu\u00e9s<\/li>\r\n<li>Anglais.<\/li>\r\n<\/ul>\r\n<\/div>\r\n<\/div>\r\n\r\n\r\n\r\n<p class=\"has-text-align-center\"><strong>Les p\u00e9riodes de formation en milieu professionnel<\/strong><\/p>\r\n\r\n\r\n\r\n<p>14 semaines&nbsp; en structures commerciales et collectives<\/p>\r\n\r\n\r\n\r\n\r\n\r\n<figure class=\"wp-block-pullquote\">\r\n<blockquote>\r\n<h2 style=\"text-align: center;\"><strong>POURSUITES D\u2019\u00c9TUDES<\/strong><\/h2>\r\n<\/blockquote>\r\n<\/figure>\r\n\r\n\r\n\r\n<p class=\"has-text-align-center\"><strong>Mention compl\u00e9mentaire ou Bac pro<\/strong><\/p>\r\n\r\n\r\n\r\n<ul class=\"wp-block-list\">\r\n<li>MC Cuisinier en desserts de restaurant<\/li>\r\n<li>MC Employ\u00e9 barman<\/li>\r\n<li>MC Sommellerie<\/li>\r\n<li>Bac pro Commercialisation et services en restauration<\/li>\r\n<\/ul>\r\n\r\n\r\n\r\n<p class=\"has-text-align-center\"><strong>Vie active<\/strong><\/p>\r\n\r\n\r\n\r\n<ul class=\"wp-block-list\">\r\n<li>Cuisinier<\/li>\r\n<\/ul>\r\n\r\n\r\n\r\n<figure class=\"wp-block-pullquote\">\r\n<blockquote>\r\n<h2 style=\"text-align: center;\"><strong>LE M\u00c9TIER<\/strong><\/h2>\r\n<\/blockquote>\r\n<\/figure>\r\n\r\n\r\n\r\n<div class=\"wp-block-media-text alignwide is-stacked-on-mobile\">\r\n<figure class=\"wp-block-media-text__media\"><img loading=\"lazy\" decoding=\"async\" width=\"1024\" height=\"683\" class=\"wp-image-184 size-full\" src=\"http:\/\/gabeaumo.cluster005.ovh.net\/lycmet\/wp-content\/uploads\/2021\/01\/IMG_5947-1-1024x683.jpg\" alt=\"\" srcset=\"http:\/\/gabeaumo.cluster005.ovh.net\/lycmet\/wp-content\/uploads\/2021\/01\/IMG_5947-1-1024x683.jpg 1024w, http:\/\/gabeaumo.cluster005.ovh.net\/lycmet\/wp-content\/uploads\/2021\/01\/IMG_5947-1-300x200.jpg 300w, http:\/\/gabeaumo.cluster005.ovh.net\/lycmet\/wp-content\/uploads\/2021\/01\/IMG_5947-1-768x512.jpg 768w, http:\/\/gabeaumo.cluster005.ovh.net\/lycmet\/wp-content\/uploads\/2021\/01\/IMG_5947-1-1536x1024.jpg 1536w, http:\/\/gabeaumo.cluster005.ovh.net\/lycmet\/wp-content\/uploads\/2021\/01\/IMG_5947-1-2048x1365.jpg 2048w, http:\/\/gabeaumo.cluster005.ovh.net\/lycmet\/wp-content\/uploads\/2021\/01\/IMG_5947-1-850x567.jpg 850w\" sizes=\"auto, (max-width: 1024px) 100vw, 1024px\" \/><\/figure>\r\n<div class=\"wp-block-media-text__content\">\r\n<ul class=\"wp-block-list\">\r\n<li>Production culinaire en cuisine, conditionnement dans le respect des normes<\/li>\r\n<li>Service et communication : mise en valeur des produits, accueil, conseil, encaissement<\/li>\r\n<li>Entretien des locaux et des \u00e9quipements<\/li>\r\n<li>Gestion de la qualit\u00e9<\/li>\r\n<\/ul>\r\n<\/div>\r\n<\/div>\r\n\r\n\r\n\r\n<p>Le titulaire du CAP P.S.R. exerce son m\u00e9tier dans les \u00e9tablissements de production culinaire et&nbsp; ou&nbsp; de&nbsp; distribution&nbsp; alimentaire,&nbsp; souvent&nbsp; en \u00e9quipe encadr\u00e9e par un responsable.<\/p>\r\n","protected":false},"excerpt":{"rendered":"<p>T\u00e9l\u00e9charger la plaquette de pr\u00e9sentation du CAP PSR FICHE FORMATION ONISEP APRES LA 3EME Vous aimer le service aupr\u00e8s des personnes, la cuisine et l&rsquo;action. Vous avez le sens de l&rsquo;organisation et le go\u00fbt du travail bien fait Pour vous aider dans votre choix, vous pouvez effectuer un mini stage de d\u00e9couverte pendant une demi-journ\u00e9e&#8230;.<\/p>\n","protected":false},"author":2,"featured_media":0,"parent":0,"menu_order":0,"comment_status":"closed","ping_status":"closed","template":"","meta":{"ngg_post_thumbnail":0,"footnotes":""},"class_list":["post-77","page","type-page","status-publish","hentry"],"_links":{"self":[{"href":"http:\/\/gabeaumo.cluster005.ovh.net\/lycmet\/wp-json\/wp\/v2\/pages\/77","targetHints":{"allow":["GET"]}}],"collection":[{"href":"http:\/\/gabeaumo.cluster005.ovh.net\/lycmet\/wp-json\/wp\/v2\/pages"}],"about":[{"href":"http:\/\/gabeaumo.cluster005.ovh.net\/lycmet\/wp-json\/wp\/v2\/types\/page"}],"author":[{"embeddable":true,"href":"http:\/\/gabeaumo.cluster005.ovh.net\/lycmet\/wp-json\/wp\/v2\/users\/2"}],"replies":[{"embeddable":true,"href":"http:\/\/gabeaumo.cluster005.ovh.net\/lycmet\/wp-json\/wp\/v2\/comments?post=77"}],"version-history":[{"count":14,"href":"http:\/\/gabeaumo.cluster005.ovh.net\/lycmet\/wp-json\/wp\/v2\/pages\/77\/revisions"}],"predecessor-version":[{"id":1310,"href":"http:\/\/gabeaumo.cluster005.ovh.net\/lycmet\/wp-json\/wp\/v2\/pages\/77\/revisions\/1310"}],"wp:attachment":[{"href":"http:\/\/gabeaumo.cluster005.ovh.net\/lycmet\/wp-json\/wp\/v2\/media?parent=77"}],"curies":[{"name":"wp","href":"https:\/\/api.w.org\/{rel}","templated":true}]}}