{"id":681,"date":"2021-02-03T18:57:57","date_gmt":"2021-02-03T17:57:57","guid":{"rendered":"http:\/\/gabeaumo.cluster005.ovh.net\/lycmet\/?page_id=681"},"modified":"2021-02-08T11:05:35","modified_gmt":"2021-02-08T10:05:35","slug":"toutes-les-infos-utiles","status":"publish","type":"page","link":"http:\/\/gabeaumo.cluster005.ovh.net\/lycmet\/toutes-les-infos-utiles\/","title":{"rendered":"Toutes les infos utiles"},"content":{"rendered":"\n<figure class=\"wp-block-pullquote\"><blockquote><p><strong>Les fournitures et manuels scolaires<\/strong><\/p><\/blockquote><\/figure>\n\n\n\n<div class=\"wp-block-columns is-layout-flex wp-container-core-columns-is-layout-9d6595d7 wp-block-columns-is-layout-flex\">\n<div class=\"wp-block-column is-layout-flow wp-block-column-is-layout-flow\">\n<p class=\"has-text-align-center\"><span class=\"has-inline-color has-vivid-red-color\">Au coll\u00e8ge<\/span><\/p>\n\n\n\n<p class=\"has-text-align-left\"><strong>Les manuels scolaires<\/strong> (papiers ou num\u00e9riques) sont fournis <strong>gratuitement<\/strong> \u00e0 tous les coll\u00e9giens ; ils sont restitu\u00e9s \u00e0 chaque fin d&rsquo;ann\u00e9e scolaire. <strong>Les listes de fournitures<\/strong> sont transmises <strong>aux familles<\/strong> dans le <strong>dossier d\u2019inscription<\/strong> (possibilit\u00e9 d&rsquo;achat d&rsquo;un kit fournitures organis\u00e9e par l&rsquo;association des parents d&rsquo;\u00e9l\u00e8ves).<\/p>\n<\/div>\n\n\n\n<div class=\"wp-block-column is-layout-flow wp-block-column-is-layout-flow\">\n<p class=\"has-text-align-center\"><span class=\"has-inline-color has-vivid-red-color\">Au lyc\u00e9e g\u00e9n\u00e9ral et technologique<\/span><\/p>\n\n\n\n<p><strong>Les manuels num\u00e9riques<\/strong> sont fournis par <strong>l&rsquo;\u00e9tablissement. Les manuels papiers<\/strong> sont \u00e0 la<strong> charge des familles.<\/strong><strong><\/strong><\/p>\n\n\n\n<p><strong>Les listes de fournitures<\/strong> sont fournies par <strong>les enseignants<\/strong> en d\u00e9but d\u2019ann\u00e9e scolaire.<\/p>\n<\/div>\n\n\n\n<div class=\"wp-block-column is-layout-flow wp-block-column-is-layout-flow\">\n<p class=\"has-text-align-center\"><span class=\"has-inline-color has-vivid-red-color\">Au lyc\u00e9e professionnel<\/span><\/p>\n\n\n\n<p><strong>Les livres<\/strong> sont achet\u00e9s par<strong> l\u2019\u00e9tablissement<\/strong> et restent dans les classes. Le premier \u00e9quipement (outils, caisse, chaussures et tenues) est achet\u00e9 par le lyc\u00e9e et factur\u00e9 50 \u20ac \u00e0 la famille. <strong>L\u2019\u00e9l\u00e8ve repartira avec ce premier \u00e9quipement \u00e0 la fin de<\/strong> <strong>sa scolarit\u00e9.<\/strong><\/p>\n<\/div>\n<\/div>\n\n\n\n<figure class=\"wp-block-pullquote\"><blockquote><p><strong>Les Bourses<\/strong><\/p><\/blockquote><\/figure>\n\n\n\n<p><strong>Pour le coll\u00e8ge<\/strong>&nbsp;et&nbsp;<strong>pour le lyc\u00e9e <\/strong>la <strong>demande de bourse<\/strong> se fait <strong>en ligne<\/strong> (Scolarit\u00e9 services via France Connect avec des identifiants de connexion communiqu\u00e9s par l&rsquo;\u00e9tablissement).<\/p>\n\n\n\n<p>Vous serez <strong>inform\u00e9s de l&rsquo;ouverture <\/strong>de la campagne de <strong>demande de bourses<\/strong> <strong>par le coll\u00e8ge.<\/strong> A titre informatif, <strong>la campagne a lieu entre avril et juin<\/strong> pour <strong>les \u00e9l\u00e8ves entrant au lyc\u00e9e<\/strong> et en <strong>septembre\/octobre pour les coll\u00e9giens.<\/strong><strong><\/strong><\/p>\n\n\n\n<p>Les <strong>lyc\u00e9ens<\/strong> b\u00e9n\u00e9ficiant d&rsquo;une <strong>bourse \u00ab\u00a0lyc\u00e9e\u00a0\u00bb<\/strong> n&rsquo;ont pas \u00e0 refaire de demande les ann\u00e9es suivantes.<\/p>\n\n\n\n<figure class=\"wp-block-pullquote\"><blockquote><p><strong>Les acc\u00e8s<\/strong><\/p><\/blockquote><\/figure>\n\n\n\n<div class=\"wp-block-columns is-layout-flex wp-container-core-columns-is-layout-9d6595d7 wp-block-columns-is-layout-flex\">\n<div class=\"wp-block-column is-layout-flow wp-block-column-is-layout-flow\">\n<p class=\"has-text-align-center\"><span class=\"has-inline-color has-vivid-red-color\">Transport pas train<\/span><\/p>\n\n\n\n<p>Les \u00e9l\u00e8ves s\u2019adressent directement aux gares S.N.C.F. Pour les \u00e9l\u00e8ves demeurant en Ille-et-Vilaine, le dossier est \u00e0 retirer au service Scolarit\u00e9 de l\u2019\u00e9tablissement.<\/p>\n\n\n\n<figure class=\"wp-block-image size-large\"><img loading=\"lazy\" decoding=\"async\" width=\"930\" height=\"620\" src=\"http:\/\/gabeaumo.cluster005.ovh.net\/lycmet\/wp-content\/uploads\/2021\/02\/train.jpeg\" alt=\"\" class=\"wp-image-898\" srcset=\"http:\/\/gabeaumo.cluster005.ovh.net\/lycmet\/wp-content\/uploads\/2021\/02\/train.jpeg 930w, http:\/\/gabeaumo.cluster005.ovh.net\/lycmet\/wp-content\/uploads\/2021\/02\/train-300x200.jpeg 300w, http:\/\/gabeaumo.cluster005.ovh.net\/lycmet\/wp-content\/uploads\/2021\/02\/train-768x512.jpeg 768w, http:\/\/gabeaumo.cluster005.ovh.net\/lycmet\/wp-content\/uploads\/2021\/02\/train-200x133.jpeg 200w, http:\/\/gabeaumo.cluster005.ovh.net\/lycmet\/wp-content\/uploads\/2021\/02\/train-850x567.jpeg 850w\" sizes=\"auto, (max-width: 930px) 100vw, 930px\" \/><\/figure>\n<\/div>\n\n\n\n<div class=\"wp-block-column is-layout-flow wp-block-column-is-layout-flow\">\n<p class=\"has-text-align-center\"><span class=\"has-inline-color has-vivid-red-color\">O\u00f9 stationner ?<\/span><\/p>\n\n\n\n<p>Le stationnement dans l&rsquo;\u00e9tablissement est r\u00e9serv\u00e9 au personnel et strictement interdit aux \u00e9l\u00e8ves. Cependant, des places sont r\u00e9serv\u00e9es aux \u00e9l\u00e8ves qui viennent en v\u00e9los, scooters, motos. Elles se trouvent \u00e0 l&rsquo;entr\u00e9e de l&rsquo;\u00e9tablissement.<\/p>\n\n\n\n<div class=\"wp-block-image\"><figure class=\"aligncenter size-large is-resized\"><img loading=\"lazy\" decoding=\"async\" src=\"http:\/\/gabeaumo.cluster005.ovh.net\/lycmet\/wp-content\/uploads\/2021\/02\/map.jpg\" alt=\"\" class=\"wp-image-899\" width=\"378\" height=\"276\" srcset=\"http:\/\/gabeaumo.cluster005.ovh.net\/lycmet\/wp-content\/uploads\/2021\/02\/map.jpg 743w, http:\/\/gabeaumo.cluster005.ovh.net\/lycmet\/wp-content\/uploads\/2021\/02\/map-300x219.jpg 300w, http:\/\/gabeaumo.cluster005.ovh.net\/lycmet\/wp-content\/uploads\/2021\/02\/map-200x146.jpg 200w\" sizes=\"auto, (max-width: 378px) 100vw, 378px\" \/><\/figure><\/div>\n<\/div>\n<\/div>\n\n\n\n<figure class=\"wp-block-pullquote\"><blockquote><p><strong>L&rsquo;internat et la restauration<\/strong><\/p><\/blockquote><\/figure>\n\n\n\n<p><strong>L\u2019internat <\/strong>dans<strong> notre cit\u00e9 scolaire <\/strong>est <strong>ouvert \u00e0 tous<\/strong> <strong>les \u00e9l\u00e8ves du Lyc\u00e9e G\u00e9n\u00e9ral et Technologique<\/strong> ainsi qu\u2019\u00e0 tous <strong>ceux du Lyc\u00e9e Professionnel.<\/strong><\/p>\n\n\n\n<p>Il est \u00e0 la fois un lieu de vie, de travail, d&rsquo;\u00e9changes, de vivre ensemble dans un temps et un espace communs.<\/p>\n\n\n\n<p>Le b\u00e2timent de <strong>l&rsquo;internat offre<\/strong> \u00e0 ses occupants, sur deux \u00e9tages parfaitement identiques, <strong>un cadre fonctionnel et confortable.<\/strong> Les filles disposent, comme&nbsp;les gar\u00e7ons, de <strong>68 places.<\/strong><\/p>\n\n\n\n<p><strong>Les internes<\/strong> b\u00e9n\u00e9ficient <strong>d&rsquo;une \u00e9tude<\/strong> encadr\u00e9e chaque <strong>soir<\/strong> de<strong> 18h00 \u00e0 18h55 et de 20h00 \u00e0 21h00.<\/strong><\/p>\n\n\n\n<p><strong>Le foyer de l&rsquo;internat <\/strong>dispose<strong> <\/strong>d&rsquo;une\u00a0une t\u00e9l\u00e9vision (grand \u00e9cran), un<strong> <\/strong>baby-foot, des jeux de soci\u00e9t\u00e9 divers sont \u00e0 la disposition des \u00e9l\u00e8ves.<\/p>\n\n\n\n<p><span class=\"has-inline-color has-vivid-red-color\"><strong>Fonctionnement : <\/strong>Du <strong>lundi matin au vendredi soir 17h30.<\/strong> Possibilit\u00e9\u00a0<strong>de rentrer <\/strong>\u00e0 <strong>l\u2019internat le dimanche soir \u00e0 partir de 20h00 <\/strong>si impossibilit\u00e9 le lundi (sur justificatifs).\u00a0<\/span><\/p>\n\n\n\n<p><strong><span class=\"has-inline-color has-vivid-red-color\">Tarifs<\/span> : 1\u00a0383,40 euros (forfait de 7,95 euros par jour).<\/strong><\/p>\n\n\n\n<p><strong><span class=\"has-inline-color has-vivid-red-color\">Trois forfaits annuels sont propos\u00e9s\u00a0:<\/span><\/strong><\/p>\n\n\n\n<ul class=\"wp-block-list\"><li><strong>DP 5 jours\u00a0: <\/strong>549.84 euros<\/li><li><strong>DP 4 jours\u00a0:<\/strong> 442,40 euros<\/li><li><strong>DP 3 jours<\/strong>\u00a0(uniquement pour les lyc\u00e9ens)\u00a0<strong>:<\/strong> 355.34 euros<\/li><\/ul>\n\n\n\n<div class=\"wp-block-columns is-layout-flex wp-container-core-columns-is-layout-9d6595d7 wp-block-columns-is-layout-flex\">\n<div class=\"wp-block-column is-layout-flow wp-block-column-is-layout-flow\">\n<p><strong>Payable en 3 fois<\/strong> (\u00e0 chaque trimestre, le montant variant en fonction du nombre de jours) ou <strong>mensuellement par pr\u00e9l\u00e8vement automatique, virement ou t\u00e9l\u00e9-paiement.<\/strong><\/p>\n<\/div>\n\n\n\n<div class=\"wp-block-column is-layout-flow wp-block-column-is-layout-flow\">\n<p><strong>Ces prix ne tiennent pas compte des \u00e9ventuelles remises d\u2019ordre \u00e0 d\u00e9duire<\/strong> (p\u00e9riodes de formation en milieu professionnel, voyages scolaires, p\u00e9riodes d\u2019examens de fin d\u2019ann\u00e9e, etc&#8230;).<\/p>\n<\/div>\n<\/div>\n\n\n\n<figure class=\"wp-block-pullquote\"><blockquote><p><strong>Beaumonde<\/strong><\/p><\/blockquote><\/figure>\n\n\n\n<p class=\"has-text-align-center\"><strong>La finalit\u00e9 environnementale de Beaumont se traduit par le projet \u00ab\u00a0BEAUMONDE\u00a0\u00bb.<\/strong><\/p>\n\n\n\n<ul class=\"wp-block-list\"><li>Notre \u00e9co-festival sur deux jours en octobre : concentration d&rsquo;actions et de r\u00e9alisations de projets concrets sous forme d&rsquo;ateliers et d&rsquo;exp\u00e9rimentations.<\/li><li>Sensibiliser l&rsquo;ensemble de la communaut\u00e9 \u00e9ducative aux enjeux du d\u00e9veloppement durable, dans toutes ses dimensions : \u00e9conomique, sociale et environnementale.<\/li><li>Des actions et un engagement tout au long de l&rsquo;ann\u00e9e.<\/li><\/ul>\n\n\n\n<div class=\"wp-block-columns is-layout-flex wp-container-core-columns-is-layout-9d6595d7 wp-block-columns-is-layout-flex\">\n<div class=\"wp-block-column is-layout-flow wp-block-column-is-layout-flow\">\n<p><strong>Les \u00e9l\u00e8ves de 3\u00e8me C,<\/strong> r\u00e9alisent un projet upcycling \u00e0 base de bois de palette \u00ab\u00a0l&rsquo;upcycling c&rsquo;est quand on r\u00e9cup\u00e8re un objet non utilis\u00e9 pour en cr\u00e9er un autre qui pourrait \u00eatre recycl\u00e9 par la suite\u00a0\u00bb. Cr\u00e9ation d&rsquo;une cabane \u00e0 h\u00e9risson sur la proposition d&rsquo;un jardinier de la cit\u00e9 scolaire.<\/p>\n<\/div>\n\n\n\n<div class=\"wp-block-column is-layout-flow wp-block-column-is-layout-flow\">\n<p>\u00ab\u00a0Dans le sillage de Beaumonde, l&rsquo;exposition d&rsquo;artistes du FRAC porte cette ann\u00e9e des regards sur l&rsquo;architecture : une maquette, 3 grandes photos et une vid\u00e9o.\u00a0\u00bb<\/p>\n\n\n\n<p><strong>Mme Cabon, professeur d&rsquo;Arts Plastiques<\/strong><\/p>\n<\/div>\n<\/div>\n\n\n\n<p class=\"has-text-align-center\"><span class=\"has-inline-color has-vivid-red-color\">Les labels Beaumonde<\/span><\/p>\n\n\n\n<div class=\"wp-block-media-text alignwide has-media-on-the-right is-stacked-on-mobile\" style=\"grid-template-columns:auto 33%\"><figure class=\"wp-block-media-text__media\"><img loading=\"lazy\" decoding=\"async\" width=\"292\" height=\"158\" src=\"http:\/\/gabeaumo.cluster005.ovh.net\/lycmet\/wp-content\/uploads\/2021\/02\/label-e3d.jpg\" alt=\"\" class=\"wp-image-897 size-full\" srcset=\"http:\/\/gabeaumo.cluster005.ovh.net\/lycmet\/wp-content\/uploads\/2021\/02\/label-e3d.jpg 292w, http:\/\/gabeaumo.cluster005.ovh.net\/lycmet\/wp-content\/uploads\/2021\/02\/label-e3d-200x108.jpg 200w\" sizes=\"auto, (max-width: 292px) 100vw, 292px\" \/><\/figure><div class=\"wp-block-media-text__content\">\n<p>La d\u00e9marche E3D est men\u00e9e en prenant en compte les grands enjeux du XXI\u00e8me si\u00e8cle, li\u00e9s, par exemple, aux ressources, au climat, \u00e0 la biodiversit\u00e9, \u00e0 la croissance d\u00e9mographique et urbaine, ou \u00e0 l&rsquo;alimentation, \u00e0 la coh\u00e9sion sociale, \u00e0 la solidarit\u00e9 internationale et au d\u00e9veloppement humain.<\/p>\n<\/div><\/div>\n\n\n\n<div class=\"wp-block-media-text alignwide is-stacked-on-mobile\" style=\"grid-template-columns:32% auto\"><figure class=\"wp-block-media-text__media\"><img loading=\"lazy\" decoding=\"async\" width=\"263\" height=\"191\" src=\"http:\/\/gabeaumo.cluster005.ovh.net\/lycmet\/wp-content\/uploads\/2021\/02\/lpo-1.jpg\" alt=\"\" class=\"wp-image-896 size-full\" srcset=\"http:\/\/gabeaumo.cluster005.ovh.net\/lycmet\/wp-content\/uploads\/2021\/02\/lpo-1.jpg 263w, http:\/\/gabeaumo.cluster005.ovh.net\/lycmet\/wp-content\/uploads\/2021\/02\/lpo-1-200x145.jpg 200w\" sizes=\"auto, (max-width: 263px) 100vw, 263px\" \/><\/figure><div class=\"wp-block-media-text__content\">\n<p>la LPO est aujourd&rsquo;hui la premi\u00e8re association de protection de la nature en France.Elle \u0153uvre au quotidien pour la protection des esp\u00e8ces, la pr\u00e9servation des espaces et pour l&rsquo;\u00e9ducation et la sensibilisation \u00e0 l&rsquo;environnement.<\/p>\n<\/div><\/div>\n\n\n\n<p><\/p>\n","protected":false},"excerpt":{"rendered":"<p>Les fournitures et manuels scolaires Au coll\u00e8ge Les manuels scolaires (papiers ou num\u00e9riques) sont fournis gratuitement \u00e0 tous les coll\u00e9giens ; ils sont restitu\u00e9s \u00e0 chaque fin d&rsquo;ann\u00e9e scolaire. Les listes de fournitures sont transmises aux familles dans le dossier d\u2019inscription (possibilit\u00e9 d&rsquo;achat d&rsquo;un kit fournitures organis\u00e9e par l&rsquo;association des parents d&rsquo;\u00e9l\u00e8ves). Au lyc\u00e9e g\u00e9n\u00e9ral&#8230;<\/p>\n","protected":false},"author":2,"featured_media":0,"parent":0,"menu_order":0,"comment_status":"closed","ping_status":"closed","template":"","meta":{"ngg_post_thumbnail":0,"footnotes":""},"class_list":["post-681","page","type-page","status-publish","hentry"],"_links":{"self":[{"href":"http:\/\/gabeaumo.cluster005.ovh.net\/lycmet\/wp-json\/wp\/v2\/pages\/681","targetHints":{"allow":["GET"]}}],"collection":[{"href":"http:\/\/gabeaumo.cluster005.ovh.net\/lycmet\/wp-json\/wp\/v2\/pages"}],"about":[{"href":"http:\/\/gabeaumo.cluster005.ovh.net\/lycmet\/wp-json\/wp\/v2\/types\/page"}],"author":[{"embeddable":true,"href":"http:\/\/gabeaumo.cluster005.ovh.net\/lycmet\/wp-json\/wp\/v2\/users\/2"}],"replies":[{"embeddable":true,"href":"http:\/\/gabeaumo.cluster005.ovh.net\/lycmet\/wp-json\/wp\/v2\/comments?post=681"}],"version-history":[{"count":2,"href":"http:\/\/gabeaumo.cluster005.ovh.net\/lycmet\/wp-json\/wp\/v2\/pages\/681\/revisions"}],"predecessor-version":[{"id":900,"href":"http:\/\/gabeaumo.cluster005.ovh.net\/lycmet\/wp-json\/wp\/v2\/pages\/681\/revisions\/900"}],"wp:attachment":[{"href":"http:\/\/gabeaumo.cluster005.ovh.net\/lycmet\/wp-json\/wp\/v2\/media?parent=681"}],"curies":[{"name":"wp","href":"https:\/\/api.w.org\/{rel}","templated":true}]}}