{"id":66,"date":"2021-01-19T09:11:41","date_gmt":"2021-01-19T08:11:41","guid":{"rendered":"http:\/\/gabeaumo.cluster005.ovh.net\/lycmet\/?page_id=66"},"modified":"2021-02-19T10:16:17","modified_gmt":"2021-02-19T09:16:17","slug":"technicien-constructeur-bois","status":"publish","type":"page","link":"http:\/\/gabeaumo.cluster005.ovh.net\/lycmet\/technicien-constructeur-bois\/","title":{"rendered":"Technicien constructeur bois"},"content":{"rendered":"\n<div class=\"wp-block-buttons is-layout-flex wp-block-buttons-is-layout-flex\">\n<div class=\"wp-block-button has-custom-width wp-block-button__width-100\"><a class=\"wp-block-button__link has-white-color has-vivid-red-background-color has-text-color has-background no-border-radius\" href=\"https:\/\/docs.google.com\/forms\/d\/e\/1FAIpQLScxfwsfN1Xp42lojDvsOAu2yB7VVQ0u7HJWyflR1lB5QdHn7g\/viewform\" target=\"_blank\" rel=\"noreferrer noopener\">Prendre RDV au lyc\u00e9e avec un enseignant et d\u00e9couvrir la formation. Cliquer ici !!!<\/a><\/div>\n<\/div>\n\n\n<div class=\"wp-block-buttons is-content-justification-center\">\n<div class=\"wp-block-button is-style-outline\" style=\"text-align: center;\"><a href=\"https:\/\/www.canva.com\/design\/DAEP7X6en88\/SUCFU9p7500LV4Xw8_7l8A\/view?utm_content=DAEP7X6en88&amp;utm_campaign=designshare&amp;utm_medium=link&amp;utm_source=publishsharelink\"><span style=\"color: #ff0000;\">T\u00e9l\u00e9charger la plaquette de pr\u00e9sentation du BAC PRO TCB<\/span><\/a><\/div>\n<\/div>\n<p style=\"text-align: center;\"><span style=\"color: #ff0000;\"><a style=\"color: #ff0000;\" href=\"https:\/\/www.onisep.fr\/Ressources\/Univers-Formation\/Formations\/Lycees\/bac-pro-technicien-constructeur-bois\" target=\"_blank\" rel=\"noopener\">FICHE FORMATION ONISEP<\/a><\/span><\/p>\n<p>&nbsp;<\/p>\n\n\n<figure class=\"wp-block-embed aligncenter is-type-video is-provider-youtube wp-block-embed-youtube wp-embed-aspect-16-9 wp-has-aspect-ratio\"><div class=\"wp-block-embed__wrapper\">\n<iframe loading=\"lazy\" title=\"BAC Construction Bois - Construction Local compresseur\" width=\"640\" height=\"360\" src=\"https:\/\/www.youtube.com\/embed\/pHnw_7H3rXY?feature=oembed\" frameborder=\"0\" allow=\"accelerometer; autoplay; clipboard-write; encrypted-media; gyroscope; picture-in-picture; web-share\" referrerpolicy=\"strict-origin-when-cross-origin\" allowfullscreen><\/iframe>\n<\/div><\/figure>\n\n\n\n<figure class=\"wp-block-embed aligncenter is-type-video is-provider-youtube wp-block-embed-youtube wp-embed-aspect-16-9 wp-has-aspect-ratio\"><div class=\"wp-block-embed__wrapper\">\n<iframe loading=\"lazy\" title=\"BAC Construction Bois -Centre d&#039;usinage \u00e0 commande num\u00e9rique\" width=\"640\" height=\"360\" src=\"https:\/\/www.youtube.com\/embed\/pcSgjMKMyb4?feature=oembed\" frameborder=\"0\" allow=\"accelerometer; autoplay; clipboard-write; encrypted-media; gyroscope; picture-in-picture; web-share\" referrerpolicy=\"strict-origin-when-cross-origin\" allowfullscreen><\/iframe>\n<\/div><\/figure>\n\n\n\n<figure class=\"wp-block-pullquote\">\r\n<blockquote>\r\n<h2 style=\"text-align: center;\"><strong>APRES LA 3EME<\/strong><\/h2>\r\n<\/blockquote>\r\n<\/figure>\n\n\n\n<div class=\"wp-block-media-text alignwide is-stacked-on-mobile\"><figure class=\"wp-block-media-text__media\"><img loading=\"lazy\" decoding=\"async\" width=\"1024\" height=\"683\" src=\"http:\/\/gabeaumo.cluster005.ovh.net\/lycmet\/wp-content\/uploads\/2021\/01\/BP-TMA-1-1024x683.jpg\" alt=\"\" class=\"wp-image-145 size-full\" srcset=\"http:\/\/gabeaumo.cluster005.ovh.net\/lycmet\/wp-content\/uploads\/2021\/01\/BP-TMA-1-1024x683.jpg 1024w, http:\/\/gabeaumo.cluster005.ovh.net\/lycmet\/wp-content\/uploads\/2021\/01\/BP-TMA-1-300x200.jpg 300w, http:\/\/gabeaumo.cluster005.ovh.net\/lycmet\/wp-content\/uploads\/2021\/01\/BP-TMA-1-768x512.jpg 768w, http:\/\/gabeaumo.cluster005.ovh.net\/lycmet\/wp-content\/uploads\/2021\/01\/BP-TMA-1-1536x1024.jpg 1536w, http:\/\/gabeaumo.cluster005.ovh.net\/lycmet\/wp-content\/uploads\/2021\/01\/BP-TMA-1-2048x1365.jpg 2048w, http:\/\/gabeaumo.cluster005.ovh.net\/lycmet\/wp-content\/uploads\/2021\/01\/BP-TMA-1-850x567.jpg 850w\" sizes=\"auto, (max-width: 1024px) 100vw, 1024px\" \/><\/figure><div class=\"wp-block-media-text__content\">\n<p>Vous aimez le travail du bois et les constructions bois et vous \u00eates sensibles au d\u00e9veloppement durable. Vous avez la capacit\u00e9 de travailler en \u00e9quipe et vous aimez l&rsquo;action et le changement.<\/p>\n\n\n\n<p>Pour vous aider dans votre choix, vous pouvez effectuer un mini stage de d\u00e9couverte pendant une demi-journ\u00e9e.<\/p>\n<\/div><\/div>\n\n\n\n<figure class=\"wp-block-pullquote\">\r\n<blockquote>\r\n<h2 style=\"text-align: center;\"><strong>PR\u00c9PARER\u00a0LE BAC PRO TCB<\/strong><\/h2>\r\n<cite><strong>LA FORMATION<\/strong> (<strong>horaire 30h hebdo)<\/strong><\/cite><\/blockquote>\r\n<\/figure>\n\n\n\n<div class=\"wp-block-group\"><div class=\"wp-block-group__inner-container is-layout-flow wp-block-group-is-layout-flow\">\n<p class=\"has-text-align-center\"><strong>Enseignements professionnels &#8211; Environ 15h<\/strong><\/p>\n<\/div><\/div>\n\n\n\n<div class=\"wp-block-media-text alignwide has-media-on-the-right is-stacked-on-mobile\" style=\"grid-template-columns:auto 40%\"><figure class=\"wp-block-media-text__media\"><img loading=\"lazy\" decoding=\"async\" width=\"681\" height=\"1024\" src=\"http:\/\/gabeaumo.cluster005.ovh.net\/lycmet\/wp-content\/uploads\/2021\/01\/BP-TCB-2-681x1024.jpg\" alt=\"\" class=\"wp-image-146 size-full\" srcset=\"http:\/\/gabeaumo.cluster005.ovh.net\/lycmet\/wp-content\/uploads\/2021\/01\/BP-TCB-2-681x1024.jpg 681w, http:\/\/gabeaumo.cluster005.ovh.net\/lycmet\/wp-content\/uploads\/2021\/01\/BP-TCB-2-200x300.jpg 200w, http:\/\/gabeaumo.cluster005.ovh.net\/lycmet\/wp-content\/uploads\/2021\/01\/BP-TCB-2-768x1154.jpg 768w, http:\/\/gabeaumo.cluster005.ovh.net\/lycmet\/wp-content\/uploads\/2021\/01\/BP-TCB-2-1022x1536.jpg 1022w, http:\/\/gabeaumo.cluster005.ovh.net\/lycmet\/wp-content\/uploads\/2021\/01\/BP-TCB-2-1363x2048.jpg 1363w, http:\/\/gabeaumo.cluster005.ovh.net\/lycmet\/wp-content\/uploads\/2021\/01\/BP-TCB-2-300x451.jpg 300w, http:\/\/gabeaumo.cluster005.ovh.net\/lycmet\/wp-content\/uploads\/2021\/01\/BP-TCB-2-850x1277.jpg 850w, http:\/\/gabeaumo.cluster005.ovh.net\/lycmet\/wp-content\/uploads\/2021\/01\/BP-TCB-2-scaled.jpg 1703w\" sizes=\"auto, (max-width: 681px) 100vw, 681px\" \/><\/figure><div class=\"wp-block-media-text__content\">\n<ul class=\"wp-block-list\" id=\"block-72be8c9b-592e-4f92-909c-b53aefcfb288\"><li>Construction Bois<\/li><li>Dessin&nbsp;industriel<\/li><li>Pr\u00e9vention&nbsp;s\u00e9curit\u00e9 Env&nbsp;<\/li><li>Economie Gestion<\/li><\/ul>\n<\/div><\/div>\n\n\n\n<p class=\"has-text-align-center\"><strong>Enseignements g\u00e9n\u00e9raux &#8211; Environ 15h<\/strong><\/p>\n\n\n\n<ul class=\"wp-block-list\"><li>Fran\u00e7ais<\/li><li>Histoire G\u00e9ographie<\/li><li>Enseignement moral et civique<\/li><li>Math\u00e9matiques<\/li><li>Physique Chimie<\/li><li>Anglais<\/li><li>Arts appliqu\u00e9s<\/li><li>Education physique et sportive<\/li><\/ul>\n\n\n\n<p class=\"has-text-align-center\"><strong>Les p\u00e9riodes de formation en milieu professionnel<\/strong><\/p>\n\n\n\n<ul class=\"wp-block-list\"><li>22 semaines sur les 3 ann\u00e9es de formation<\/li><\/ul>\n\n\n\n<figure class=\"wp-block-pullquote\">\r\n<blockquote>\r\n<h2 style=\"text-align: center;\"><strong>POURSUITES D\u2019\u00c9TUDES<\/strong><\/h2>\r\n<\/blockquote>\r\n<\/figure>\n\n\n\n<p class=\"has-text-align-center\"><strong>BAC +2<\/strong><\/p>\n\n\n\n<ul class=\"wp-block-list\"><li>BTS Syst\u00e8mes constructifs bois et habitat&nbsp;(SCBH)<\/li><li>BTS D\u00e9veloppement et r\u00e9alisation bois<\/li><li>Mention Compl\u00e9mentaire CAO DAO<\/li><\/ul>\n\n\n\n<figure class=\"wp-block-pullquote\">\r\n<blockquote>\r\n<h2 style=\"text-align: center;\"><strong>LE M\u00c9TIER<\/strong><\/h2>\r\n<\/blockquote>\r\n<\/figure>\n\n\n\n<div class=\"wp-block-media-text alignwide is-stacked-on-mobile\"><figure class=\"wp-block-media-text__media\"><img loading=\"lazy\" decoding=\"async\" width=\"275\" height=\"183\" src=\"http:\/\/gabeaumo.cluster005.ovh.net\/lycmet\/wp-content\/uploads\/2021\/01\/BP-TCB-3-1.jpg\" alt=\"\" class=\"wp-image-148 size-full\"\/><\/figure><div class=\"wp-block-media-text__content\">\n<p>La construction de maisons en bois, de charpentes et d\u2019abris se d\u00e9roule en plusieurs \u00e9tapes :<\/p>\n\n\n\n<ul class=\"wp-block-list\"><li>Pr\u00e9parer les \u00e9l\u00e9ments en atelier (d\u00e9coupe et assemblage en modules)<\/li><li>Assurer&nbsp; le&nbsp; transport&nbsp; des&nbsp; modules&nbsp; jusqu\u2019au chantier<\/li><li>Poser et assembler les modules pour r\u00e9aliser la structure<\/li><\/ul>\n<\/div><\/div>\n\n\n\n<p>Les&nbsp;entreprises, industrielles ou artisanales, sont en pleine \u00e9volution avec les nouveaux mat\u00e9riaux, les nouvelles machines-outils \u00e0 commande num\u00e9rique, les logiciels, les nouvelles exigences \u00e9conomiques n\u00e9cessitent la ma\u00eetrise de nouvelles comp\u00e9tences.<\/p>\n\n\n\n<p><em>\u00ab\u00a0Les&nbsp;entreprises font face \u00e0 des difficult\u00e9s de recrutement li\u00e9es \u00e0 une p\u00e9nurie de main d\u2019oeuvre qualifi\u00e9e. <\/em><strong><em>Le m\u00e9tier de charpentier est celui qui pose le plus de probl\u00e8me de recrutemen<\/em><\/strong><em>t dans la fili\u00e8re Bois (100 % des projets sont jug\u00e9s difficiles \u00e0 satisfaire)\u00a0\u00bb.<\/em><\/p>\n","protected":false},"excerpt":{"rendered":"<p>T\u00e9l\u00e9charger la plaquette de pr\u00e9sentation du BAC PRO TCB FICHE FORMATION ONISEP &nbsp; APRES LA 3EME Vous aimez le travail du bois et les constructions bois et vous \u00eates sensibles au d\u00e9veloppement durable. Vous avez la capacit\u00e9 de travailler en \u00e9quipe et vous aimez l&rsquo;action et le changement. Pour vous aider dans votre choix, vous&#8230;<\/p>\n","protected":false},"author":2,"featured_media":0,"parent":0,"menu_order":0,"comment_status":"closed","ping_status":"closed","template":"","meta":{"ngg_post_thumbnail":0,"footnotes":""},"class_list":["post-66","page","type-page","status-publish","hentry"],"_links":{"self":[{"href":"http:\/\/gabeaumo.cluster005.ovh.net\/lycmet\/wp-json\/wp\/v2\/pages\/66","targetHints":{"allow":["GET"]}}],"collection":[{"href":"http:\/\/gabeaumo.cluster005.ovh.net\/lycmet\/wp-json\/wp\/v2\/pages"}],"about":[{"href":"http:\/\/gabeaumo.cluster005.ovh.net\/lycmet\/wp-json\/wp\/v2\/types\/page"}],"author":[{"embeddable":true,"href":"http:\/\/gabeaumo.cluster005.ovh.net\/lycmet\/wp-json\/wp\/v2\/users\/2"}],"replies":[{"embeddable":true,"href":"http:\/\/gabeaumo.cluster005.ovh.net\/lycmet\/wp-json\/wp\/v2\/comments?post=66"}],"version-history":[{"count":17,"href":"http:\/\/gabeaumo.cluster005.ovh.net\/lycmet\/wp-json\/wp\/v2\/pages\/66\/revisions"}],"predecessor-version":[{"id":1299,"href":"http:\/\/gabeaumo.cluster005.ovh.net\/lycmet\/wp-json\/wp\/v2\/pages\/66\/revisions\/1299"}],"wp:attachment":[{"href":"http:\/\/gabeaumo.cluster005.ovh.net\/lycmet\/wp-json\/wp\/v2\/media?parent=66"}],"curies":[{"name":"wp","href":"https:\/\/api.w.org\/{rel}","templated":true}]}}