{"id":563,"date":"2021-01-31T17:18:53","date_gmt":"2021-01-31T16:18:53","guid":{"rendered":"http:\/\/gabeaumo.cluster005.ovh.net\/lycmet\/?page_id=563"},"modified":"2021-02-08T11:35:04","modified_gmt":"2021-02-08T10:35:04","slug":"les-periodes-de-formation-en-entreprise","status":"publish","type":"page","link":"http:\/\/gabeaumo.cluster005.ovh.net\/lycmet\/les-periodes-de-formation-en-entreprise\/","title":{"rendered":"Les p\u00e9riodes de formation en entreprise"},"content":{"rendered":"<p><strong>Stages PFMP<\/strong>&nbsp;<strong>:&nbsp;<\/strong><\/p>\n<p><strong>Les conventions de stage<\/strong>: Les employeurs du secteur priv\u00e9, public ou associatif sont soumis \u00e0 une r\u00e9glementation pr\u00e9cise concernant l\u2019accueil de stagiaires en milieu professionnel : conditions de recours, dur\u00e9e maximale, r\u00e9mun\u00e9ration obligatoire, signature d\u2019une convention, nombre maximal de stages en cours, d\u00e9lai entre deux stages\u2026 Afin d\u2019en fixer les r\u00e8gles, l\u2019\u00e9tablissement d\u2019une convention est obligatoire. Le Lyc\u00e9e Beaumont&nbsp; fourni \u00e0 l\u2019ensemble des \u00e9l\u00e8ves concern\u00e9s une convention qui permet de r\u00e9pondre \u00e0 ces crit\u00e8res. Pour \u00eatre valide, cette convention doit \u00eatre imp\u00e9rativement sign\u00e9e par : le stagiaire et ses parents (s\u2019il est mineur), l\u2019entreprise d\u2019accueil et le repr\u00e9sentant du Lyc\u00e9e.<\/p>\n<p><strong>Gratification<\/strong>: Un employeur qui accueille un stagiaire doit lui verser une gratification horaire minimale, exon\u00e9r\u00e9e de cotisations sociales<strong>&nbsp;dans certaines conditions<\/strong>. Cette obligation s\u2019applique aux entreprises, aux administrations publiques, aux collectivit\u00e9s territoriales, aux \u00e9tablissements de sant\u00e9, aux associations ou \u00e0 tout autre organisme d\u2019accueil. Le stagiaire n\u2019\u00e9tant pas consid\u00e9r\u00e9 comme un salari\u00e9, il ne s\u2019agit ni d\u2019un salaire, ni d\u2019une r\u00e9mun\u00e9ration, ni d\u2019une indemnit\u00e9.<\/p>\n\n\n<figure class=\"wp-block-image size-large is-style-default\"><img loading=\"lazy\" decoding=\"async\" width=\"1024\" height=\"409\" src=\"http:\/\/gabeaumo.cluster005.ovh.net\/lycmet\/wp-content\/uploads\/2021\/02\/calendrier-des-stages-1024x409.jpg\" alt=\"\" class=\"wp-image-902\" srcset=\"http:\/\/gabeaumo.cluster005.ovh.net\/lycmet\/wp-content\/uploads\/2021\/02\/calendrier-des-stages-1024x409.jpg 1024w, http:\/\/gabeaumo.cluster005.ovh.net\/lycmet\/wp-content\/uploads\/2021\/02\/calendrier-des-stages-300x120.jpg 300w, http:\/\/gabeaumo.cluster005.ovh.net\/lycmet\/wp-content\/uploads\/2021\/02\/calendrier-des-stages-768x307.jpg 768w, http:\/\/gabeaumo.cluster005.ovh.net\/lycmet\/wp-content\/uploads\/2021\/02\/calendrier-des-stages-200x80.jpg 200w, http:\/\/gabeaumo.cluster005.ovh.net\/lycmet\/wp-content\/uploads\/2021\/02\/calendrier-des-stages-850x339.jpg 850w, http:\/\/gabeaumo.cluster005.ovh.net\/lycmet\/wp-content\/uploads\/2021\/02\/calendrier-des-stages.jpg 1120w\" sizes=\"auto, (max-width: 1024px) 100vw, 1024px\" \/><figcaption>Le calendrier pr\u00e9visionnel des stages de 2021-2022 pour les CAP et les Bacs professionnels<\/figcaption><\/figure>\n","protected":false},"excerpt":{"rendered":"<p>Stages PFMP&nbsp;:&nbsp; Les conventions de stage: Les employeurs du secteur priv\u00e9, public ou associatif sont soumis \u00e0 une r\u00e9glementation pr\u00e9cise concernant l\u2019accueil de stagiaires en milieu professionnel : conditions de recours, dur\u00e9e maximale, r\u00e9mun\u00e9ration obligatoire, signature d\u2019une convention, nombre maximal de stages en cours, d\u00e9lai entre deux stages\u2026 Afin d\u2019en fixer les r\u00e8gles, l\u2019\u00e9tablissement d\u2019une&#8230;<\/p>\n","protected":false},"author":2,"featured_media":0,"parent":0,"menu_order":0,"comment_status":"closed","ping_status":"closed","template":"","meta":{"ngg_post_thumbnail":0,"footnotes":""},"class_list":["post-563","page","type-page","status-publish","hentry"],"_links":{"self":[{"href":"http:\/\/gabeaumo.cluster005.ovh.net\/lycmet\/wp-json\/wp\/v2\/pages\/563","targetHints":{"allow":["GET"]}}],"collection":[{"href":"http:\/\/gabeaumo.cluster005.ovh.net\/lycmet\/wp-json\/wp\/v2\/pages"}],"about":[{"href":"http:\/\/gabeaumo.cluster005.ovh.net\/lycmet\/wp-json\/wp\/v2\/types\/page"}],"author":[{"embeddable":true,"href":"http:\/\/gabeaumo.cluster005.ovh.net\/lycmet\/wp-json\/wp\/v2\/users\/2"}],"replies":[{"embeddable":true,"href":"http:\/\/gabeaumo.cluster005.ovh.net\/lycmet\/wp-json\/wp\/v2\/comments?post=563"}],"version-history":[{"count":5,"href":"http:\/\/gabeaumo.cluster005.ovh.net\/lycmet\/wp-json\/wp\/v2\/pages\/563\/revisions"}],"predecessor-version":[{"id":906,"href":"http:\/\/gabeaumo.cluster005.ovh.net\/lycmet\/wp-json\/wp\/v2\/pages\/563\/revisions\/906"}],"wp:attachment":[{"href":"http:\/\/gabeaumo.cluster005.ovh.net\/lycmet\/wp-json\/wp\/v2\/media?parent=563"}],"curies":[{"name":"wp","href":"https:\/\/api.w.org\/{rel}","templated":true}]}}