{"id":46,"date":"2021-01-19T08:30:22","date_gmt":"2021-01-19T07:30:22","guid":{"rendered":"http:\/\/gabeaumo.cluster005.ovh.net\/lycmet\/?page_id=46"},"modified":"2021-01-30T17:41:16","modified_gmt":"2021-01-30T16:41:16","slug":"nos-bac-professionnels","status":"publish","type":"page","link":"http:\/\/gabeaumo.cluster005.ovh.net\/lycmet\/nos-bac-professionnels\/","title":{"rendered":"Nos bacs professionnels"},"content":{"rendered":"\r\n<div class=\"wp-block-image\">\r\n<p>Le baccalaur\u00e9at professionnel est un dipl\u00f4me national de niveau 4 qui atteste que ses titulaires sont aptes \u00e0 exercer une activit\u00e9 professionnelle hautement qualifi\u00e9e. Le baccalaur\u00e9at professionnel est d\u00e9livr\u00e9 au titre d&rsquo;une sp\u00e9cialit\u00e9 professionnelle. Il permet l&rsquo;insertion professionnelle mais \u00e9galement\u00a0 une poursuite d&rsquo;\u00e9tudes, notamment vers le brevet de technicien sup\u00e9rieur (BTS).<\/p>\r\n<p>&nbsp;<\/p>\r\n<p class=\"aligncenter size-large is-resized\" style=\"text-align: center;\"><a href=\"http:\/\/gabeaumo.cluster005.ovh.net\/lycmet\/accompagnement-soins-et-services-a-la-personne\/\">Bac professionnel Accompagnant Soin et Service \u00e0 la Personne (ASSP)<\/a><\/p>\r\n<\/div>\r\n<div><img loading=\"lazy\" decoding=\"async\" class=\"size-full wp-image-332 aligncenter\" src=\"http:\/\/gabeaumo.cluster005.ovh.net\/lycmet\/wp-content\/uploads\/2021\/01\/diplome-ASSP.jpg\" alt=\"\" width=\"277\" height=\"182\" \/> \u00a0\u00a0<\/div>\r\n<p>&nbsp;<\/p>\r\n\r\n\r\n\r\n<div class=\"wp-block-buttons is-content-justification-center is-layout-flex wp-block-buttons-is-layout-flex\" style=\"text-align: center;\"><a href=\"http:\/\/gabeaumo.cluster005.ovh.net\/lycmet\/gestion-administration\/\">Bac professionnel Gestion administration (GA)<\/a><\/div>\r\n<div class=\"wp-block-buttons is-content-justification-center\" style=\"text-align: center;\">\r\n<p><img loading=\"lazy\" decoding=\"async\" class=\"size-medium wp-image-333 aligncenter\" src=\"http:\/\/gabeaumo.cluster005.ovh.net\/lycmet\/wp-content\/uploads\/2021\/01\/diplome-GA.jpg\" alt=\"\" width=\"277\" height=\"182\" \/><\/p>\r\n<p>&nbsp;<\/p>\r\n<\/div>\r\n<div>\u00a0<\/div>\r\n\r\n\r\n\r\n<div class=\"wp-block-buttons is-content-justification-center is-layout-flex wp-block-buttons-is-layout-flex\">\r\n<p class=\"wp-block-button is-style-outline\" style=\"text-align: center;\"><a href=\"http:\/\/gabeaumo.cluster005.ovh.net\/lycmet\/maintenance-des-systemes-productiques-et-connectes\/\">Bac professionnel Maintenance des Syst\u00e8mes de Production Connect\u00e9s (MSPC)<\/a><\/p>\r\n<\/div>\r\n<p><img loading=\"lazy\" decoding=\"async\" class=\"size-medium wp-image-334 aligncenter\" src=\"http:\/\/gabeaumo.cluster005.ovh.net\/lycmet\/wp-content\/uploads\/2021\/01\/diplome-MEI.jpg\" alt=\"\" width=\"277\" height=\"182\" \/><\/p>\r\n<p>&nbsp;<\/p>\r\n\r\n\r\n\r\n<div class=\"wp-block-buttons is-content-justification-center is-layout-flex wp-block-buttons-is-layout-flex\">\r\n<p class=\"wp-block-button\" style=\"text-align: center;\"><a href=\"http:\/\/gabeaumo.cluster005.ovh.net\/lycmet\/technicien-constructeur-bois\/\">Bac professionnel Technicien Constructeur Bois (TCB)<\/a><\/p>\r\n<\/div>\r\n<p><img loading=\"lazy\" decoding=\"async\" class=\"size-medium wp-image-335 aligncenter\" src=\"http:\/\/gabeaumo.cluster005.ovh.net\/lycmet\/wp-content\/uploads\/2021\/01\/diplome-TCB-300x212.jpg\" alt=\"\" width=\"300\" height=\"212\" srcset=\"http:\/\/gabeaumo.cluster005.ovh.net\/lycmet\/wp-content\/uploads\/2021\/01\/diplome-TCB-300x212.jpg 300w, http:\/\/gabeaumo.cluster005.ovh.net\/lycmet\/wp-content\/uploads\/2021\/01\/diplome-TCB.jpg 512w\" sizes=\"auto, (max-width: 300px) 100vw, 300px\" \/><\/p>\r\n<p>&nbsp;<\/p>\r\n<div class=\"wp-block-buttons is-content-justification-center\">\r\n<div>\u00a0<\/div>\r\n<\/div>\r\n\r\n\r\n\r\n<p class=\"wp-block-buttons is-content-justification-center is-layout-flex wp-block-buttons-is-layout-flex\" style=\"text-align: center;\"><a class=\"is-style-outline--1\" href=\"http:\/\/gabeaumo.cluster005.ovh.net\/lycmet\/technicien-menuisier-agenceur\/\">Bac professionnel Technicien Menuisier Agenceur (TMA)<\/a><\/p>\r\n<p class=\"wp-block-buttons is-content-justification-center\" style=\"text-align: center;\"><img loading=\"lazy\" decoding=\"async\" class=\"size-medium wp-image-335 aligncenter\" src=\"http:\/\/gabeaumo.cluster005.ovh.net\/lycmet\/wp-content\/uploads\/2021\/01\/diplome-TCB-300x212.jpg\" alt=\"\" width=\"300\" height=\"212\" srcset=\"http:\/\/gabeaumo.cluster005.ovh.net\/lycmet\/wp-content\/uploads\/2021\/01\/diplome-TCB-300x212.jpg 300w, http:\/\/gabeaumo.cluster005.ovh.net\/lycmet\/wp-content\/uploads\/2021\/01\/diplome-TCB.jpg 512w\" sizes=\"auto, (max-width: 300px) 100vw, 300px\" \/><\/p>\r\n<div>\u00a0<\/div>\r\n<p class=\"wp-block-buttons is-content-justification-center\" style=\"text-align: center;\"><\/p>\r\n","protected":false},"excerpt":{"rendered":"","protected":false},"author":1,"featured_media":0,"parent":0,"menu_order":0,"comment_status":"closed","ping_status":"closed","template":"","meta":{"ngg_post_thumbnail":0,"footnotes":""},"class_list":["post-46","page","type-page","status-publish","hentry"],"_links":{"self":[{"href":"http:\/\/gabeaumo.cluster005.ovh.net\/lycmet\/wp-json\/wp\/v2\/pages\/46","targetHints":{"allow":["GET"]}}],"collection":[{"href":"http:\/\/gabeaumo.cluster005.ovh.net\/lycmet\/wp-json\/wp\/v2\/pages"}],"about":[{"href":"http:\/\/gabeaumo.cluster005.ovh.net\/lycmet\/wp-json\/wp\/v2\/types\/page"}],"author":[{"embeddable":true,"href":"http:\/\/gabeaumo.cluster005.ovh.net\/lycmet\/wp-json\/wp\/v2\/users\/1"}],"replies":[{"embeddable":true,"href":"http:\/\/gabeaumo.cluster005.ovh.net\/lycmet\/wp-json\/wp\/v2\/comments?post=46"}],"version-history":[{"count":10,"href":"http:\/\/gabeaumo.cluster005.ovh.net\/lycmet\/wp-json\/wp\/v2\/pages\/46\/revisions"}],"predecessor-version":[{"id":404,"href":"http:\/\/gabeaumo.cluster005.ovh.net\/lycmet\/wp-json\/wp\/v2\/pages\/46\/revisions\/404"}],"wp:attachment":[{"href":"http:\/\/gabeaumo.cluster005.ovh.net\/lycmet\/wp-json\/wp\/v2\/media?parent=46"}],"curies":[{"name":"wp","href":"https:\/\/api.w.org\/{rel}","templated":true}]}}