{"id":399,"date":"2021-01-30T17:39:42","date_gmt":"2021-01-30T16:39:42","guid":{"rendered":"http:\/\/gabeaumo.cluster005.ovh.net\/lycmet\/?page_id=399"},"modified":"2022-03-06T09:06:32","modified_gmt":"2022-03-06T08:06:32","slug":"nos-espaces-techniques","status":"publish","type":"page","link":"http:\/\/gabeaumo.cluster005.ovh.net\/lycmet\/nos-espaces-techniques\/","title":{"rendered":"NOS PLATEAUX TECHNIQUES"},"content":{"rendered":"Vous devez \u00eatre connect\u00e9 pour voir ce contenu.","protected":false},"excerpt":{"rendered":"Vous devez \u00eatre connect\u00e9 pour voir ce contenu.","protected":false},"author":2,"featured_media":0,"parent":0,"menu_order":0,"comment_status":"closed","ping_status":"closed","template":"","meta":{"ngg_post_thumbnail":0,"footnotes":""},"class_list":["post-399","page","type-page","status-publish","hentry"],"_links":{"self":[{"href":"http:\/\/gabeaumo.cluster005.ovh.net\/lycmet\/wp-json\/wp\/v2\/pages\/399","targetHints":{"allow":["GET"]}}],"collection":[{"href":"http:\/\/gabeaumo.cluster005.ovh.net\/lycmet\/wp-json\/wp\/v2\/pages"}],"about":[{"href":"http:\/\/gabeaumo.cluster005.ovh.net\/lycmet\/wp-json\/wp\/v2\/types\/page"}],"author":[{"embeddable":true,"href":"http:\/\/gabeaumo.cluster005.ovh.net\/lycmet\/wp-json\/wp\/v2\/users\/2"}],"replies":[{"embeddable":true,"href":"http:\/\/gabeaumo.cluster005.ovh.net\/lycmet\/wp-json\/wp\/v2\/comments?post=399"}],"version-history":[{"count":13,"href":"http:\/\/gabeaumo.cluster005.ovh.net\/lycmet\/wp-json\/wp\/v2\/pages\/399\/revisions"}],"predecessor-version":[{"id":1314,"href":"http:\/\/gabeaumo.cluster005.ovh.net\/lycmet\/wp-json\/wp\/v2\/pages\/399\/revisions\/1314"}],"wp:attachment":[{"href":"http:\/\/gabeaumo.cluster005.ovh.net\/lycmet\/wp-json\/wp\/v2\/media?parent=399"}],"curies":[{"name":"wp","href":"https:\/\/api.w.org\/{rel}","templated":true}]}}