{"id":396,"date":"2021-01-30T17:25:55","date_gmt":"2021-01-30T16:25:55","guid":{"rendered":"http:\/\/gabeaumo.cluster005.ovh.net\/lycmet\/?page_id=396"},"modified":"2021-02-11T09:41:34","modified_gmt":"2021-02-11T08:41:34","slug":"partenariat","status":"publish","type":"page","link":"http:\/\/gabeaumo.cluster005.ovh.net\/lycmet\/partenariat\/","title":{"rendered":"Partenariat"},"content":{"rendered":"<h2 class=\"titre\">LE LYC\u00c9E DES M\u00c9TIERS BEAUMONT , un r\u00e9seau d&rsquo;entreprises depuis 50 ans sur le territoire<\/h2>\n<p>Tous les \u00e9l\u00e8ves du lyc\u00e9e professionnel et les \u00e9tudiants de BTS b\u00e9n\u00e9ficient durant leur formation de p\u00e9riodes de stages en entreprises.<\/p>\n<div class=\"texte\">Ce qui donne au lyc\u00e9e l\u2019occasion d\u2019une collaboration r\u00e9guli\u00e8re avec les entreprises de la r\u00e9gion dans un rayon de 100 km et permet aux jeunes en fin de scolarit\u00e9, d\u2019aller sur le march\u00e9 du travail ou bien de poursuites vers des \u00e9tudes post-bac.<\/div>\n<div>Nous proposons tout au long de l&rsquo;ann\u00e9e des interventions de professionnels, des visites d&rsquo;entreprises, des conf\u00e9rences&#8230;<\/div>\n\n\n\n\n<div class=\"ngg-galleryoverview ngg-slideshow\"\n\t id=\"ngg-slideshow-4f7d02799b183a52f34ad2df63dd98fa-16151488270\"\n     data-gallery-id=\"4f7d02799b183a52f34ad2df63dd98fa\"\n     style=\"max-width: 750px; max-height: 500px;\">\n\n \t<div id=\"ngg-image-0\" class=\"ngg-gallery-slideshow-image\" style=\"height:500px\">\n\n        <a href=\"http:\/\/gabeaumo.cluster005.ovh.net\/lycmet\/wp-content\/gallery\/partenariat\/20191001_180603.jpg\"\n           title=\"\"\n           data-src=\"http:\/\/gabeaumo.cluster005.ovh.net\/lycmet\/wp-content\/gallery\/partenariat\/20191001_180603.jpg\"\n           data-thumbnail=\"http:\/\/gabeaumo.cluster005.ovh.net\/lycmet\/wp-content\/gallery\/partenariat\/thumbs\/thumbs_20191001_180603.jpg\"\n           data-image-id=\"176\"\n           data-title=\"20191001_180603\"\n           data-description=\"\"\n           class=\"ngg-simplelightbox\" rel=\"4f7d02799b183a52f34ad2df63dd98fa\">\n\n            <img data-image-id='176'\n                 title=\"\"\n                 alt=\"20191001_180603\"\n                 src=\"http:\/\/gabeaumo.cluster005.ovh.net\/lycmet\/wp-content\/gallery\/partenariat\/20191001_180603.jpg\"\n                 style=\"max-height: 480px;\"\/>\n        <\/a>\n\n        <\/div> \n<div id=\"ngg-image-1\" class=\"ngg-gallery-slideshow-image\" style=\"height:500px\">\n\n        <a href=\"http:\/\/gabeaumo.cluster005.ovh.net\/lycmet\/wp-content\/gallery\/partenariat\/20200212_101644.jpg\"\n           title=\"\"\n           data-src=\"http:\/\/gabeaumo.cluster005.ovh.net\/lycmet\/wp-content\/gallery\/partenariat\/20200212_101644.jpg\"\n           data-thumbnail=\"http:\/\/gabeaumo.cluster005.ovh.net\/lycmet\/wp-content\/gallery\/partenariat\/thumbs\/thumbs_20200212_101644.jpg\"\n           data-image-id=\"177\"\n           data-title=\"20200212_101644\"\n           data-description=\"\"\n           class=\"ngg-simplelightbox\" rel=\"4f7d02799b183a52f34ad2df63dd98fa\">\n\n            <img data-image-id='177'\n                 title=\"\"\n                 alt=\"20200212_101644\"\n                 src=\"http:\/\/gabeaumo.cluster005.ovh.net\/lycmet\/wp-content\/gallery\/partenariat\/20200212_101644.jpg\"\n                 style=\"max-height: 480px;\"\/>\n        <\/a>\n\n        <\/div> \n<div id=\"ngg-image-2\" class=\"ngg-gallery-slideshow-image\" style=\"height:500px\">\n\n        <a href=\"http:\/\/gabeaumo.cluster005.ovh.net\/lycmet\/wp-content\/gallery\/partenariat\/20191112_140444.jpg\"\n           title=\"\"\n           data-src=\"http:\/\/gabeaumo.cluster005.ovh.net\/lycmet\/wp-content\/gallery\/partenariat\/20191112_140444.jpg\"\n           data-thumbnail=\"http:\/\/gabeaumo.cluster005.ovh.net\/lycmet\/wp-content\/gallery\/partenariat\/thumbs\/thumbs_20191112_140444.jpg\"\n           data-image-id=\"178\"\n           data-title=\"20191112_140444\"\n           data-description=\"\"\n           class=\"ngg-simplelightbox\" rel=\"4f7d02799b183a52f34ad2df63dd98fa\">\n\n            <img data-image-id='178'\n                 title=\"\"\n                 alt=\"20191112_140444\"\n                 src=\"http:\/\/gabeaumo.cluster005.ovh.net\/lycmet\/wp-content\/gallery\/partenariat\/20191112_140444.jpg\"\n                 style=\"max-height: 480px;\"\/>\n        <\/a>\n\n        <\/div> \n<div id=\"ngg-image-3\" class=\"ngg-gallery-slideshow-image\" style=\"height:500px\">\n\n        <a href=\"http:\/\/gabeaumo.cluster005.ovh.net\/lycmet\/wp-content\/gallery\/partenariat\/20191128_080922.jpg\"\n           title=\"\"\n           data-src=\"http:\/\/gabeaumo.cluster005.ovh.net\/lycmet\/wp-content\/gallery\/partenariat\/20191128_080922.jpg\"\n           data-thumbnail=\"http:\/\/gabeaumo.cluster005.ovh.net\/lycmet\/wp-content\/gallery\/partenariat\/thumbs\/thumbs_20191128_080922.jpg\"\n           data-image-id=\"179\"\n           data-title=\"20191128_080922\"\n           data-description=\"\"\n           class=\"ngg-simplelightbox\" rel=\"4f7d02799b183a52f34ad2df63dd98fa\">\n\n            <img data-image-id='179'\n                 title=\"\"\n                 alt=\"20191128_080922\"\n                 src=\"http:\/\/gabeaumo.cluster005.ovh.net\/lycmet\/wp-content\/gallery\/partenariat\/20191128_080922.jpg\"\n                 style=\"max-height: 480px;\"\/>\n        <\/a>\n\n        <\/div> \n<div id=\"ngg-image-4\" class=\"ngg-gallery-slideshow-image\" style=\"height:500px\">\n\n        <a href=\"http:\/\/gabeaumo.cluster005.ovh.net\/lycmet\/wp-content\/gallery\/partenariat\/20200107_092208.jpg\"\n           title=\"\"\n           data-src=\"http:\/\/gabeaumo.cluster005.ovh.net\/lycmet\/wp-content\/gallery\/partenariat\/20200107_092208.jpg\"\n           data-thumbnail=\"http:\/\/gabeaumo.cluster005.ovh.net\/lycmet\/wp-content\/gallery\/partenariat\/thumbs\/thumbs_20200107_092208.jpg\"\n           data-image-id=\"180\"\n           data-title=\"20200107_092208\"\n           data-description=\"\"\n           class=\"ngg-simplelightbox\" rel=\"4f7d02799b183a52f34ad2df63dd98fa\">\n\n            <img data-image-id='180'\n                 title=\"\"\n                 alt=\"20200107_092208\"\n                 src=\"http:\/\/gabeaumo.cluster005.ovh.net\/lycmet\/wp-content\/gallery\/partenariat\/20200107_092208.jpg\"\n                 style=\"max-height: 480px;\"\/>\n        <\/a>\n\n        <\/div> \n<div id=\"ngg-image-5\" class=\"ngg-gallery-slideshow-image\" style=\"height:500px\">\n\n        <a href=\"http:\/\/gabeaumo.cluster005.ovh.net\/lycmet\/wp-content\/gallery\/partenariat\/20200303_140544.jpg\"\n           title=\"\"\n           data-src=\"http:\/\/gabeaumo.cluster005.ovh.net\/lycmet\/wp-content\/gallery\/partenariat\/20200303_140544.jpg\"\n           data-thumbnail=\"http:\/\/gabeaumo.cluster005.ovh.net\/lycmet\/wp-content\/gallery\/partenariat\/thumbs\/thumbs_20200303_140544.jpg\"\n           data-image-id=\"181\"\n           data-title=\"20200303_140544\"\n           data-description=\"\"\n           class=\"ngg-simplelightbox\" rel=\"4f7d02799b183a52f34ad2df63dd98fa\">\n\n            <img data-image-id='181'\n                 title=\"\"\n                 alt=\"20200303_140544\"\n                 src=\"http:\/\/gabeaumo.cluster005.ovh.net\/lycmet\/wp-content\/gallery\/partenariat\/20200303_140544.jpg\"\n                 style=\"max-height: 480px;\"\/>\n        <\/a>\n\n        <\/div> \n<div id=\"ngg-image-6\" class=\"ngg-gallery-slideshow-image\" style=\"height:500px\">\n\n        <a href=\"http:\/\/gabeaumo.cluster005.ovh.net\/lycmet\/wp-content\/gallery\/partenariat\/20200303_140252.jpg\"\n           title=\"\"\n           data-src=\"http:\/\/gabeaumo.cluster005.ovh.net\/lycmet\/wp-content\/gallery\/partenariat\/20200303_140252.jpg\"\n           data-thumbnail=\"http:\/\/gabeaumo.cluster005.ovh.net\/lycmet\/wp-content\/gallery\/partenariat\/thumbs\/thumbs_20200303_140252.jpg\"\n           data-image-id=\"182\"\n           data-title=\"20200303_140252\"\n           data-description=\"\"\n           class=\"ngg-simplelightbox\" rel=\"4f7d02799b183a52f34ad2df63dd98fa\">\n\n            <img data-image-id='182'\n                 title=\"\"\n                 alt=\"20200303_140252\"\n                 src=\"http:\/\/gabeaumo.cluster005.ovh.net\/lycmet\/wp-content\/gallery\/partenariat\/20200303_140252.jpg\"\n                 style=\"max-height: 480px;\"\/>\n        <\/a>\n\n        <\/div> \n<div id=\"ngg-image-7\" class=\"ngg-gallery-slideshow-image\" style=\"height:500px\">\n\n        <a href=\"http:\/\/gabeaumo.cluster005.ovh.net\/lycmet\/wp-content\/gallery\/partenariat\/20200107_095734.jpg\"\n           title=\"\"\n           data-src=\"http:\/\/gabeaumo.cluster005.ovh.net\/lycmet\/wp-content\/gallery\/partenariat\/20200107_095734.jpg\"\n           data-thumbnail=\"http:\/\/gabeaumo.cluster005.ovh.net\/lycmet\/wp-content\/gallery\/partenariat\/thumbs\/thumbs_20200107_095734.jpg\"\n           data-image-id=\"183\"\n           data-title=\"20200107_095734\"\n           data-description=\"\"\n           class=\"ngg-simplelightbox\" rel=\"4f7d02799b183a52f34ad2df63dd98fa\">\n\n            <img data-image-id='183'\n                 title=\"\"\n                 alt=\"20200107_095734\"\n                 src=\"http:\/\/gabeaumo.cluster005.ovh.net\/lycmet\/wp-content\/gallery\/partenariat\/20200107_095734.jpg\"\n                 style=\"max-height: 480px;\"\/>\n        <\/a>\n\n        <\/div> \n<div id=\"ngg-image-8\" class=\"ngg-gallery-slideshow-image\" style=\"height:500px\">\n\n        <a href=\"http:\/\/gabeaumo.cluster005.ovh.net\/lycmet\/wp-content\/gallery\/partenariat\/20191128_100529.jpg\"\n           title=\"\"\n           data-src=\"http:\/\/gabeaumo.cluster005.ovh.net\/lycmet\/wp-content\/gallery\/partenariat\/20191128_100529.jpg\"\n           data-thumbnail=\"http:\/\/gabeaumo.cluster005.ovh.net\/lycmet\/wp-content\/gallery\/partenariat\/thumbs\/thumbs_20191128_100529.jpg\"\n           data-image-id=\"184\"\n           data-title=\"20191128_100529\"\n           data-description=\"\"\n           class=\"ngg-simplelightbox\" rel=\"4f7d02799b183a52f34ad2df63dd98fa\">\n\n            <img data-image-id='184'\n                 title=\"\"\n                 alt=\"20191128_100529\"\n                 src=\"http:\/\/gabeaumo.cluster005.ovh.net\/lycmet\/wp-content\/gallery\/partenariat\/20191128_100529.jpg\"\n                 style=\"max-height: 480px;\"\/>\n        <\/a>\n\n        <\/div> \n<div id=\"ngg-image-9\" class=\"ngg-gallery-slideshow-image\" style=\"height:500px\">\n\n        <a href=\"http:\/\/gabeaumo.cluster005.ovh.net\/lycmet\/wp-content\/gallery\/partenariat\/20191128_104334.jpg\"\n           title=\"\"\n           data-src=\"http:\/\/gabeaumo.cluster005.ovh.net\/lycmet\/wp-content\/gallery\/partenariat\/20191128_104334.jpg\"\n           data-thumbnail=\"http:\/\/gabeaumo.cluster005.ovh.net\/lycmet\/wp-content\/gallery\/partenariat\/thumbs\/thumbs_20191128_104334.jpg\"\n           data-image-id=\"185\"\n           data-title=\"20191128_104334\"\n           data-description=\"\"\n           class=\"ngg-simplelightbox\" rel=\"4f7d02799b183a52f34ad2df63dd98fa\">\n\n            <img data-image-id='185'\n                 title=\"\"\n                 alt=\"20191128_104334\"\n                 src=\"http:\/\/gabeaumo.cluster005.ovh.net\/lycmet\/wp-content\/gallery\/partenariat\/20191128_104334.jpg\"\n                 style=\"max-height: 480px;\"\/>\n        <\/a>\n\n        <\/div> \n<div id=\"ngg-image-10\" class=\"ngg-gallery-slideshow-image\" style=\"height:500px\">\n\n        <a href=\"http:\/\/gabeaumo.cluster005.ovh.net\/lycmet\/wp-content\/gallery\/partenariat\/20191017_142045.jpg\"\n           title=\"\"\n           data-src=\"http:\/\/gabeaumo.cluster005.ovh.net\/lycmet\/wp-content\/gallery\/partenariat\/20191017_142045.jpg\"\n           data-thumbnail=\"http:\/\/gabeaumo.cluster005.ovh.net\/lycmet\/wp-content\/gallery\/partenariat\/thumbs\/thumbs_20191017_142045.jpg\"\n           data-image-id=\"186\"\n           data-title=\"20191017_142045\"\n           data-description=\"\"\n           class=\"ngg-simplelightbox\" rel=\"4f7d02799b183a52f34ad2df63dd98fa\">\n\n            <img data-image-id='186'\n                 title=\"\"\n                 alt=\"20191017_142045\"\n                 src=\"http:\/\/gabeaumo.cluster005.ovh.net\/lycmet\/wp-content\/gallery\/partenariat\/20191017_142045.jpg\"\n                 style=\"max-height: 480px;\"\/>\n        <\/a>\n\n        <\/div> \n<div id=\"ngg-image-11\" class=\"ngg-gallery-slideshow-image\" style=\"height:500px\">\n\n        <a href=\"http:\/\/gabeaumo.cluster005.ovh.net\/lycmet\/wp-content\/gallery\/partenariat\/20191011_113158.jpg\"\n           title=\"\"\n           data-src=\"http:\/\/gabeaumo.cluster005.ovh.net\/lycmet\/wp-content\/gallery\/partenariat\/20191011_113158.jpg\"\n           data-thumbnail=\"http:\/\/gabeaumo.cluster005.ovh.net\/lycmet\/wp-content\/gallery\/partenariat\/thumbs\/thumbs_20191011_113158.jpg\"\n           data-image-id=\"187\"\n           data-title=\"20191011_113158\"\n           data-description=\"\"\n           class=\"ngg-simplelightbox\" rel=\"4f7d02799b183a52f34ad2df63dd98fa\">\n\n            <img data-image-id='187'\n                 title=\"\"\n                 alt=\"20191011_113158\"\n                 src=\"http:\/\/gabeaumo.cluster005.ovh.net\/lycmet\/wp-content\/gallery\/partenariat\/20191011_113158.jpg\"\n                 style=\"max-height: 480px;\"\/>\n        <\/a>\n\n        <\/div> \n<div id=\"ngg-image-12\" class=\"ngg-gallery-slideshow-image\" style=\"height:500px\">\n\n        <a href=\"http:\/\/gabeaumo.cluster005.ovh.net\/lycmet\/wp-content\/gallery\/partenariat\/20191017_144615.jpg\"\n           title=\"\"\n           data-src=\"http:\/\/gabeaumo.cluster005.ovh.net\/lycmet\/wp-content\/gallery\/partenariat\/20191017_144615.jpg\"\n           data-thumbnail=\"http:\/\/gabeaumo.cluster005.ovh.net\/lycmet\/wp-content\/gallery\/partenariat\/thumbs\/thumbs_20191017_144615.jpg\"\n           data-image-id=\"188\"\n           data-title=\"20191017_144615\"\n           data-description=\"\"\n           class=\"ngg-simplelightbox\" rel=\"4f7d02799b183a52f34ad2df63dd98fa\">\n\n            <img data-image-id='188'\n                 title=\"\"\n                 alt=\"20191017_144615\"\n                 src=\"http:\/\/gabeaumo.cluster005.ovh.net\/lycmet\/wp-content\/gallery\/partenariat\/20191017_144615.jpg\"\n                 style=\"max-height: 480px;\"\/>\n        <\/a>\n\n        <\/div> \n<\/div>\n\n\n\n\n","protected":false},"excerpt":{"rendered":"<p>LE LYC\u00c9E DES M\u00c9TIERS BEAUMONT , un r\u00e9seau d&rsquo;entreprises depuis 50 ans sur le territoire Tous les \u00e9l\u00e8ves du lyc\u00e9e professionnel et les \u00e9tudiants de BTS b\u00e9n\u00e9ficient durant leur formation de p\u00e9riodes de stages en entreprises. Ce qui donne au lyc\u00e9e l\u2019occasion d\u2019une collaboration r\u00e9guli\u00e8re avec les entreprises de la r\u00e9gion dans un rayon de&#8230;<\/p>\n","protected":false},"author":2,"featured_media":0,"parent":0,"menu_order":0,"comment_status":"closed","ping_status":"closed","template":"","meta":{"ngg_post_thumbnail":0,"footnotes":""},"class_list":["post-396","page","type-page","status-publish","hentry"],"_links":{"self":[{"href":"http:\/\/gabeaumo.cluster005.ovh.net\/lycmet\/wp-json\/wp\/v2\/pages\/396","targetHints":{"allow":["GET"]}}],"collection":[{"href":"http:\/\/gabeaumo.cluster005.ovh.net\/lycmet\/wp-json\/wp\/v2\/pages"}],"about":[{"href":"http:\/\/gabeaumo.cluster005.ovh.net\/lycmet\/wp-json\/wp\/v2\/types\/page"}],"author":[{"embeddable":true,"href":"http:\/\/gabeaumo.cluster005.ovh.net\/lycmet\/wp-json\/wp\/v2\/users\/2"}],"replies":[{"embeddable":true,"href":"http:\/\/gabeaumo.cluster005.ovh.net\/lycmet\/wp-json\/wp\/v2\/comments?post=396"}],"version-history":[{"count":3,"href":"http:\/\/gabeaumo.cluster005.ovh.net\/lycmet\/wp-json\/wp\/v2\/pages\/396\/revisions"}],"predecessor-version":[{"id":1224,"href":"http:\/\/gabeaumo.cluster005.ovh.net\/lycmet\/wp-json\/wp\/v2\/pages\/396\/revisions\/1224"}],"wp:attachment":[{"href":"http:\/\/gabeaumo.cluster005.ovh.net\/lycmet\/wp-json\/wp\/v2\/media?parent=396"}],"curies":[{"name":"wp","href":"https:\/\/api.w.org\/{rel}","templated":true}]}}