{"id":1319,"date":"2022-04-05T21:02:21","date_gmt":"2022-04-05T19:02:21","guid":{"rendered":"http:\/\/gabeaumo.cluster005.ovh.net\/lycmet\/?page_id=1319"},"modified":"2022-04-05T21:05:13","modified_gmt":"2022-04-05T19:05:13","slug":"politique-de-confidentialite-2","status":"publish","type":"page","link":"http:\/\/gabeaumo.cluster005.ovh.net\/lycmet\/politique-de-confidentialite-2\/","title":{"rendered":"Politique de confidentialit\u00e9"},"content":{"rendered":"<p><em>Vous pouvez acc\u00e9der aux donn\u00e9es vous concernant ou demander leur effacement. Vous disposez \u00e9galement d&rsquo;un droit d\u2019opposition, d\u2019un droit de rectification et d\u2019un droit \u00e0 la limitation du traitement de vos donn\u00e9es (cf. cnil.fr) pour plus d\u2019informations sur vos droits).Pour exercer ces droits ou pour toute question sur le traitement de vos donn\u00e9es dans ce dispositif, vous pouvez contacter M X prenom.nom@ac-rennes.fr<\/em><\/p>\n<p>Vous pouvez \u00e0 tout moment vous d\u00e9\u00e9abonner de notre newletter. Cette action supprimme automatiquement vos donn\u00e9es personnelles collect\u00e9es lors de l&rsquo;inscription<\/p>\n<table class=\"mailpoet_content-wrapper\" border=\"0\" width=\"660\" cellspacing=\"0\" cellpadding=\"0\">\n<tbody>\n<tr>\n<td class=\"mailpoet_content\" align=\"center\">\n<table border=\"0\" width=\"100%\" cellspacing=\"0\" cellpadding=\"0\">\n<tbody>\n<tr>\n<td>\n<table class=\"mailpoet_cols-one\" border=\"0\" width=\"100%\" cellspacing=\"0\" cellpadding=\"0\">\n<tbody>\n<tr>\n<td class=\"mailpoet_header_footer_padded mailpoet_footer\"><strong><a href=\"http:\/\/gabeaumo.cluster005.ovh.net\/lycmet\/nos-bac-professionnels\/?mailpoet_router&amp;endpoint=subscription&amp;action=confirm_unsubscribe&amp;data=eyJwcmV2aWV3IjoxfQ\">Se d\u00e9sabonner<\/a>&nbsp;|&nbsp;<a href=\"http:\/\/gabeaumo.cluster005.ovh.net\/lycmet\/nos-espaces-techniques\/?mailpoet_router&amp;endpoint=subscription&amp;action=manage&amp;data=eyJwcmV2aWV3IjoxfQ\">G\u00e9rer votre abonnement<\/a><\/strong><br \/>\nAjoutez votre adresse postale ici !<\/td>\n<\/tr>\n<\/tbody>\n<\/table>\n<\/td>\n<\/tr>\n<\/tbody>\n<\/table>\n<\/td>\n<\/tr>\n<tr>\n<td class=\"mailpoet_content\" align=\"center\" bgcolor=\"#ffffff\">\n<table border=\"0\" width=\"100%\" cellspacing=\"0\" cellpadding=\"0\">\n<tbody>\n<tr>\n<td>\n<table class=\"mailpoet_cols-one\" border=\"0\" width=\"100%\" cellspacing=\"0\" cellpadding=\"0\">\n<tbody>\n<tr>\n<td class=\"mailpoet_image mailpoet_padded_vertical mailpoet_padded_side\" align=\"center\" valign=\"top\">&nbsp;<\/td>\n<\/tr>\n<\/tbody>\n<\/table>\n<\/td>\n<\/tr>\n<\/tbody>\n<\/table>\n<\/td>\n<\/tr>\n<\/tbody>\n<\/table>\n<p>&nbsp;<\/p>\n","protected":false},"excerpt":{"rendered":"<p>Vous pouvez acc\u00e9der aux donn\u00e9es vous concernant ou demander leur effacement. Vous disposez \u00e9galement d&rsquo;un droit d\u2019opposition, d\u2019un droit de rectification et d\u2019un droit \u00e0 la limitation du traitement de vos donn\u00e9es (cf. cnil.fr) pour plus d\u2019informations sur vos droits).Pour exercer ces droits ou pour toute question sur le traitement de vos donn\u00e9es dans ce&#8230;<\/p>\n","protected":false},"author":1,"featured_media":0,"parent":0,"menu_order":0,"comment_status":"closed","ping_status":"closed","template":"","meta":{"ngg_post_thumbnail":0,"footnotes":""},"class_list":["post-1319","page","type-page","status-publish","hentry"],"_links":{"self":[{"href":"http:\/\/gabeaumo.cluster005.ovh.net\/lycmet\/wp-json\/wp\/v2\/pages\/1319","targetHints":{"allow":["GET"]}}],"collection":[{"href":"http:\/\/gabeaumo.cluster005.ovh.net\/lycmet\/wp-json\/wp\/v2\/pages"}],"about":[{"href":"http:\/\/gabeaumo.cluster005.ovh.net\/lycmet\/wp-json\/wp\/v2\/types\/page"}],"author":[{"embeddable":true,"href":"http:\/\/gabeaumo.cluster005.ovh.net\/lycmet\/wp-json\/wp\/v2\/users\/1"}],"replies":[{"embeddable":true,"href":"http:\/\/gabeaumo.cluster005.ovh.net\/lycmet\/wp-json\/wp\/v2\/comments?post=1319"}],"version-history":[{"count":3,"href":"http:\/\/gabeaumo.cluster005.ovh.net\/lycmet\/wp-json\/wp\/v2\/pages\/1319\/revisions"}],"predecessor-version":[{"id":1322,"href":"http:\/\/gabeaumo.cluster005.ovh.net\/lycmet\/wp-json\/wp\/v2\/pages\/1319\/revisions\/1322"}],"wp:attachment":[{"href":"http:\/\/gabeaumo.cluster005.ovh.net\/lycmet\/wp-json\/wp\/v2\/media?parent=1319"}],"curies":[{"name":"wp","href":"https:\/\/api.w.org\/{rel}","templated":true}]}}