{"id":1082,"date":"2021-02-10T20:46:57","date_gmt":"2021-02-10T19:46:57","guid":{"rendered":"http:\/\/gabeaumo.cluster005.ovh.net\/lycmet\/?page_id=1082"},"modified":"2021-02-11T08:32:33","modified_gmt":"2021-02-11T07:32:33","slug":"le-plateau-technique-service-a-la-personne-et-restauration","status":"publish","type":"page","link":"http:\/\/gabeaumo.cluster005.ovh.net\/lycmet\/le-plateau-technique-service-a-la-personne-et-restauration\/","title":{"rendered":"Le plateau technique Service \u00e0 la personne et Restauration"},"content":{"rendered":"\n<p><strong>Atelier Restauration et service \u00e0 la personne<\/strong> (B\u00e2timent D)<\/p>\n\n\n\n<p>Cet espace est constitu\u00e9 d\u2019une cuisine collective, d\u2019un cuisine familiale, d\u2019une lingerie, d\u2019une zone d\u00e9di\u00e9e \u00e0 l\u2019ergonomie Soins et de deux salles pour l\u2019animation.<\/p>\n\n\n\n<p><\/p>\n\n\n\n\n\n<div class=\"ngg-galleryoverview ngg-slideshow\"\n\t id=\"ngg-slideshow-f61bc21e8fbfb2f07bc95eb60fad774f-13381604080\"\n     data-gallery-id=\"f61bc21e8fbfb2f07bc95eb60fad774f\"\n     style=\"max-width: 750px; max-height: 500px;\">\n\n \t<div id=\"ngg-image-0\" class=\"ngg-gallery-slideshow-image\" style=\"height:500px\">\n\n        <a href=\"http:\/\/gabeaumo.cluster005.ovh.net\/lycmet\/wp-content\/gallery\/services\/DSC01585.JPG\"\n           title=\"\"\n           data-src=\"http:\/\/gabeaumo.cluster005.ovh.net\/lycmet\/wp-content\/gallery\/services\/DSC01585.JPG\"\n           data-thumbnail=\"http:\/\/gabeaumo.cluster005.ovh.net\/lycmet\/wp-content\/gallery\/services\/thumbs\/thumbs_DSC01585.JPG\"\n           data-image-id=\"129\"\n           data-title=\"SONY DSC\"\n           data-description=\"\"\n           class=\"ngg-simplelightbox\" rel=\"f61bc21e8fbfb2f07bc95eb60fad774f\">\n\n            <img data-image-id='129'\n                 title=\"\"\n                 alt=\"SONY DSC\"\n                 src=\"http:\/\/gabeaumo.cluster005.ovh.net\/lycmet\/wp-content\/gallery\/services\/DSC01585.JPG\"\n                 style=\"max-height: 480px;\"\/>\n        <\/a>\n\n        <\/div> \n<div id=\"ngg-image-1\" class=\"ngg-gallery-slideshow-image\" style=\"height:500px\">\n\n        <a href=\"http:\/\/gabeaumo.cluster005.ovh.net\/lycmet\/wp-content\/gallery\/services\/DSC01583.JPG\"\n           title=\"\"\n           data-src=\"http:\/\/gabeaumo.cluster005.ovh.net\/lycmet\/wp-content\/gallery\/services\/DSC01583.JPG\"\n           data-thumbnail=\"http:\/\/gabeaumo.cluster005.ovh.net\/lycmet\/wp-content\/gallery\/services\/thumbs\/thumbs_DSC01583.JPG\"\n           data-image-id=\"130\"\n           data-title=\"SONY DSC\"\n           data-description=\"\"\n           class=\"ngg-simplelightbox\" rel=\"f61bc21e8fbfb2f07bc95eb60fad774f\">\n\n            <img data-image-id='130'\n                 title=\"\"\n                 alt=\"SONY DSC\"\n                 src=\"http:\/\/gabeaumo.cluster005.ovh.net\/lycmet\/wp-content\/gallery\/services\/DSC01583.JPG\"\n                 style=\"max-height: 480px;\"\/>\n        <\/a>\n\n        <\/div> \n<div id=\"ngg-image-2\" class=\"ngg-gallery-slideshow-image\" style=\"height:500px\">\n\n        <a href=\"http:\/\/gabeaumo.cluster005.ovh.net\/lycmet\/wp-content\/gallery\/services\/DSC01582.JPG\"\n           title=\"\"\n           data-src=\"http:\/\/gabeaumo.cluster005.ovh.net\/lycmet\/wp-content\/gallery\/services\/DSC01582.JPG\"\n           data-thumbnail=\"http:\/\/gabeaumo.cluster005.ovh.net\/lycmet\/wp-content\/gallery\/services\/thumbs\/thumbs_DSC01582.JPG\"\n           data-image-id=\"131\"\n           data-title=\"SONY DSC\"\n           data-description=\"\"\n           class=\"ngg-simplelightbox\" rel=\"f61bc21e8fbfb2f07bc95eb60fad774f\">\n\n            <img data-image-id='131'\n                 title=\"\"\n                 alt=\"SONY DSC\"\n                 src=\"http:\/\/gabeaumo.cluster005.ovh.net\/lycmet\/wp-content\/gallery\/services\/DSC01582.JPG\"\n                 style=\"max-height: 480px;\"\/>\n        <\/a>\n\n        <\/div> \n<div id=\"ngg-image-3\" class=\"ngg-gallery-slideshow-image\" style=\"height:500px\">\n\n        <a href=\"http:\/\/gabeaumo.cluster005.ovh.net\/lycmet\/wp-content\/gallery\/services\/DSC01581.JPG\"\n           title=\"\"\n           data-src=\"http:\/\/gabeaumo.cluster005.ovh.net\/lycmet\/wp-content\/gallery\/services\/DSC01581.JPG\"\n           data-thumbnail=\"http:\/\/gabeaumo.cluster005.ovh.net\/lycmet\/wp-content\/gallery\/services\/thumbs\/thumbs_DSC01581.JPG\"\n           data-image-id=\"134\"\n           data-title=\"SONY DSC\"\n           data-description=\"\"\n           class=\"ngg-simplelightbox\" rel=\"f61bc21e8fbfb2f07bc95eb60fad774f\">\n\n            <img data-image-id='134'\n                 title=\"\"\n                 alt=\"SONY DSC\"\n                 src=\"http:\/\/gabeaumo.cluster005.ovh.net\/lycmet\/wp-content\/gallery\/services\/DSC01581.JPG\"\n                 style=\"max-height: 480px;\"\/>\n        <\/a>\n\n        <\/div> \n<div id=\"ngg-image-4\" class=\"ngg-gallery-slideshow-image\" style=\"height:500px\">\n\n        <a href=\"http:\/\/gabeaumo.cluster005.ovh.net\/lycmet\/wp-content\/gallery\/services\/DSC01584.JPG\"\n           title=\"\"\n           data-src=\"http:\/\/gabeaumo.cluster005.ovh.net\/lycmet\/wp-content\/gallery\/services\/DSC01584.JPG\"\n           data-thumbnail=\"http:\/\/gabeaumo.cluster005.ovh.net\/lycmet\/wp-content\/gallery\/services\/thumbs\/thumbs_DSC01584.JPG\"\n           data-image-id=\"133\"\n           data-title=\"SONY DSC\"\n           data-description=\"\"\n           class=\"ngg-simplelightbox\" rel=\"f61bc21e8fbfb2f07bc95eb60fad774f\">\n\n            <img data-image-id='133'\n                 title=\"\"\n                 alt=\"SONY DSC\"\n                 src=\"http:\/\/gabeaumo.cluster005.ovh.net\/lycmet\/wp-content\/gallery\/services\/DSC01584.JPG\"\n                 style=\"max-height: 480px;\"\/>\n        <\/a>\n\n        <\/div> \n<div id=\"ngg-image-5\" class=\"ngg-gallery-slideshow-image\" style=\"height:500px\">\n\n        <a href=\"http:\/\/gabeaumo.cluster005.ovh.net\/lycmet\/wp-content\/gallery\/services\/DSC01607.JPG\"\n           title=\"\"\n           data-src=\"http:\/\/gabeaumo.cluster005.ovh.net\/lycmet\/wp-content\/gallery\/services\/DSC01607.JPG\"\n           data-thumbnail=\"http:\/\/gabeaumo.cluster005.ovh.net\/lycmet\/wp-content\/gallery\/services\/thumbs\/thumbs_DSC01607.JPG\"\n           data-image-id=\"135\"\n           data-title=\"SONY DSC\"\n           data-description=\"\"\n           class=\"ngg-simplelightbox\" rel=\"f61bc21e8fbfb2f07bc95eb60fad774f\">\n\n            <img data-image-id='135'\n                 title=\"\"\n                 alt=\"SONY DSC\"\n                 src=\"http:\/\/gabeaumo.cluster005.ovh.net\/lycmet\/wp-content\/gallery\/services\/DSC01607.JPG\"\n                 style=\"max-height: 480px;\"\/>\n        <\/a>\n\n        <\/div> \n<div id=\"ngg-image-6\" class=\"ngg-gallery-slideshow-image\" style=\"height:500px\">\n\n        <a href=\"http:\/\/gabeaumo.cluster005.ovh.net\/lycmet\/wp-content\/gallery\/services\/DSC01592.JPG\"\n           title=\"\"\n           data-src=\"http:\/\/gabeaumo.cluster005.ovh.net\/lycmet\/wp-content\/gallery\/services\/DSC01592.JPG\"\n           data-thumbnail=\"http:\/\/gabeaumo.cluster005.ovh.net\/lycmet\/wp-content\/gallery\/services\/thumbs\/thumbs_DSC01592.JPG\"\n           data-image-id=\"119\"\n           data-title=\"SONY DSC\"\n           data-description=\"\"\n           class=\"ngg-simplelightbox\" rel=\"f61bc21e8fbfb2f07bc95eb60fad774f\">\n\n            <img data-image-id='119'\n                 title=\"\"\n                 alt=\"SONY DSC\"\n                 src=\"http:\/\/gabeaumo.cluster005.ovh.net\/lycmet\/wp-content\/gallery\/services\/DSC01592.JPG\"\n                 style=\"max-height: 480px;\"\/>\n        <\/a>\n\n        <\/div> \n<div id=\"ngg-image-7\" class=\"ngg-gallery-slideshow-image\" style=\"height:500px\">\n\n        <a href=\"http:\/\/gabeaumo.cluster005.ovh.net\/lycmet\/wp-content\/gallery\/services\/DSC01580.JPG\"\n           title=\"\"\n           data-src=\"http:\/\/gabeaumo.cluster005.ovh.net\/lycmet\/wp-content\/gallery\/services\/DSC01580.JPG\"\n           data-thumbnail=\"http:\/\/gabeaumo.cluster005.ovh.net\/lycmet\/wp-content\/gallery\/services\/thumbs\/thumbs_DSC01580.JPG\"\n           data-image-id=\"121\"\n           data-title=\"SONY DSC\"\n           data-description=\"\"\n           class=\"ngg-simplelightbox\" rel=\"f61bc21e8fbfb2f07bc95eb60fad774f\">\n\n            <img data-image-id='121'\n                 title=\"\"\n                 alt=\"SONY DSC\"\n                 src=\"http:\/\/gabeaumo.cluster005.ovh.net\/lycmet\/wp-content\/gallery\/services\/DSC01580.JPG\"\n                 style=\"max-height: 480px;\"\/>\n        <\/a>\n\n        <\/div> \n<div id=\"ngg-image-8\" class=\"ngg-gallery-slideshow-image\" style=\"height:500px\">\n\n        <a href=\"http:\/\/gabeaumo.cluster005.ovh.net\/lycmet\/wp-content\/gallery\/services\/DSC01588.JPG\"\n           title=\"\"\n           data-src=\"http:\/\/gabeaumo.cluster005.ovh.net\/lycmet\/wp-content\/gallery\/services\/DSC01588.JPG\"\n           data-thumbnail=\"http:\/\/gabeaumo.cluster005.ovh.net\/lycmet\/wp-content\/gallery\/services\/thumbs\/thumbs_DSC01588.JPG\"\n           data-image-id=\"126\"\n           data-title=\"SONY DSC\"\n           data-description=\"\"\n           class=\"ngg-simplelightbox\" rel=\"f61bc21e8fbfb2f07bc95eb60fad774f\">\n\n            <img data-image-id='126'\n                 title=\"\"\n                 alt=\"SONY DSC\"\n                 src=\"http:\/\/gabeaumo.cluster005.ovh.net\/lycmet\/wp-content\/gallery\/services\/DSC01588.JPG\"\n                 style=\"max-height: 480px;\"\/>\n        <\/a>\n\n        <\/div> \n<div id=\"ngg-image-9\" class=\"ngg-gallery-slideshow-image\" style=\"height:500px\">\n\n        <a href=\"http:\/\/gabeaumo.cluster005.ovh.net\/lycmet\/wp-content\/gallery\/services\/DSC01586.JPG\"\n           title=\"\"\n           data-src=\"http:\/\/gabeaumo.cluster005.ovh.net\/lycmet\/wp-content\/gallery\/services\/DSC01586.JPG\"\n           data-thumbnail=\"http:\/\/gabeaumo.cluster005.ovh.net\/lycmet\/wp-content\/gallery\/services\/thumbs\/thumbs_DSC01586.JPG\"\n           data-image-id=\"120\"\n           data-title=\"SONY DSC\"\n           data-description=\"\"\n           class=\"ngg-simplelightbox\" rel=\"f61bc21e8fbfb2f07bc95eb60fad774f\">\n\n            <img data-image-id='120'\n                 title=\"\"\n                 alt=\"SONY DSC\"\n                 src=\"http:\/\/gabeaumo.cluster005.ovh.net\/lycmet\/wp-content\/gallery\/services\/DSC01586.JPG\"\n                 style=\"max-height: 480px;\"\/>\n        <\/a>\n\n        <\/div> \n<div id=\"ngg-image-10\" class=\"ngg-gallery-slideshow-image\" style=\"height:500px\">\n\n        <a href=\"http:\/\/gabeaumo.cluster005.ovh.net\/lycmet\/wp-content\/gallery\/services\/DSC01594.JPG\"\n           title=\"\"\n           data-src=\"http:\/\/gabeaumo.cluster005.ovh.net\/lycmet\/wp-content\/gallery\/services\/DSC01594.JPG\"\n           data-thumbnail=\"http:\/\/gabeaumo.cluster005.ovh.net\/lycmet\/wp-content\/gallery\/services\/thumbs\/thumbs_DSC01594.JPG\"\n           data-image-id=\"122\"\n           data-title=\"SONY DSC\"\n           data-description=\"\"\n           class=\"ngg-simplelightbox\" rel=\"f61bc21e8fbfb2f07bc95eb60fad774f\">\n\n            <img data-image-id='122'\n                 title=\"\"\n                 alt=\"SONY DSC\"\n                 src=\"http:\/\/gabeaumo.cluster005.ovh.net\/lycmet\/wp-content\/gallery\/services\/DSC01594.JPG\"\n                 style=\"max-height: 480px;\"\/>\n        <\/a>\n\n        <\/div> \n<div id=\"ngg-image-11\" class=\"ngg-gallery-slideshow-image\" style=\"height:500px\">\n\n        <a href=\"http:\/\/gabeaumo.cluster005.ovh.net\/lycmet\/wp-content\/gallery\/services\/DSC01593.JPG\"\n           title=\"\"\n           data-src=\"http:\/\/gabeaumo.cluster005.ovh.net\/lycmet\/wp-content\/gallery\/services\/DSC01593.JPG\"\n           data-thumbnail=\"http:\/\/gabeaumo.cluster005.ovh.net\/lycmet\/wp-content\/gallery\/services\/thumbs\/thumbs_DSC01593.JPG\"\n           data-image-id=\"123\"\n           data-title=\"SONY DSC\"\n           data-description=\"\"\n           class=\"ngg-simplelightbox\" rel=\"f61bc21e8fbfb2f07bc95eb60fad774f\">\n\n            <img data-image-id='123'\n                 title=\"\"\n                 alt=\"SONY DSC\"\n                 src=\"http:\/\/gabeaumo.cluster005.ovh.net\/lycmet\/wp-content\/gallery\/services\/DSC01593.JPG\"\n                 style=\"max-height: 480px;\"\/>\n        <\/a>\n\n        <\/div> \n<div id=\"ngg-image-12\" class=\"ngg-gallery-slideshow-image\" style=\"height:500px\">\n\n        <a href=\"http:\/\/gabeaumo.cluster005.ovh.net\/lycmet\/wp-content\/gallery\/services\/DSC01591.JPG\"\n           title=\"\"\n           data-src=\"http:\/\/gabeaumo.cluster005.ovh.net\/lycmet\/wp-content\/gallery\/services\/DSC01591.JPG\"\n           data-thumbnail=\"http:\/\/gabeaumo.cluster005.ovh.net\/lycmet\/wp-content\/gallery\/services\/thumbs\/thumbs_DSC01591.JPG\"\n           data-image-id=\"124\"\n           data-title=\"SONY DSC\"\n           data-description=\"\"\n           class=\"ngg-simplelightbox\" rel=\"f61bc21e8fbfb2f07bc95eb60fad774f\">\n\n            <img data-image-id='124'\n                 title=\"\"\n                 alt=\"SONY DSC\"\n                 src=\"http:\/\/gabeaumo.cluster005.ovh.net\/lycmet\/wp-content\/gallery\/services\/DSC01591.JPG\"\n                 style=\"max-height: 480px;\"\/>\n        <\/a>\n\n        <\/div> \n<div id=\"ngg-image-13\" class=\"ngg-gallery-slideshow-image\" style=\"height:500px\">\n\n        <a href=\"http:\/\/gabeaumo.cluster005.ovh.net\/lycmet\/wp-content\/gallery\/services\/DSC01590.JPG\"\n           title=\"\"\n           data-src=\"http:\/\/gabeaumo.cluster005.ovh.net\/lycmet\/wp-content\/gallery\/services\/DSC01590.JPG\"\n           data-thumbnail=\"http:\/\/gabeaumo.cluster005.ovh.net\/lycmet\/wp-content\/gallery\/services\/thumbs\/thumbs_DSC01590.JPG\"\n           data-image-id=\"125\"\n           data-title=\"SONY DSC\"\n           data-description=\"\"\n           class=\"ngg-simplelightbox\" rel=\"f61bc21e8fbfb2f07bc95eb60fad774f\">\n\n            <img data-image-id='125'\n                 title=\"\"\n                 alt=\"SONY DSC\"\n                 src=\"http:\/\/gabeaumo.cluster005.ovh.net\/lycmet\/wp-content\/gallery\/services\/DSC01590.JPG\"\n                 style=\"max-height: 480px;\"\/>\n        <\/a>\n\n        <\/div> \n<div id=\"ngg-image-14\" class=\"ngg-gallery-slideshow-image\" style=\"height:500px\">\n\n        <a href=\"http:\/\/gabeaumo.cluster005.ovh.net\/lycmet\/wp-content\/gallery\/services\/DSC01589.JPG\"\n           title=\"\"\n           data-src=\"http:\/\/gabeaumo.cluster005.ovh.net\/lycmet\/wp-content\/gallery\/services\/DSC01589.JPG\"\n           data-thumbnail=\"http:\/\/gabeaumo.cluster005.ovh.net\/lycmet\/wp-content\/gallery\/services\/thumbs\/thumbs_DSC01589.JPG\"\n           data-image-id=\"127\"\n           data-title=\"SONY DSC\"\n           data-description=\"\"\n           class=\"ngg-simplelightbox\" rel=\"f61bc21e8fbfb2f07bc95eb60fad774f\">\n\n            <img data-image-id='127'\n                 title=\"\"\n                 alt=\"SONY DSC\"\n                 src=\"http:\/\/gabeaumo.cluster005.ovh.net\/lycmet\/wp-content\/gallery\/services\/DSC01589.JPG\"\n                 style=\"max-height: 480px;\"\/>\n        <\/a>\n\n        <\/div> \n<div id=\"ngg-image-15\" class=\"ngg-gallery-slideshow-image\" style=\"height:500px\">\n\n        <a href=\"http:\/\/gabeaumo.cluster005.ovh.net\/lycmet\/wp-content\/gallery\/services\/DSC01587.JPG\"\n           title=\"\"\n           data-src=\"http:\/\/gabeaumo.cluster005.ovh.net\/lycmet\/wp-content\/gallery\/services\/DSC01587.JPG\"\n           data-thumbnail=\"http:\/\/gabeaumo.cluster005.ovh.net\/lycmet\/wp-content\/gallery\/services\/thumbs\/thumbs_DSC01587.JPG\"\n           data-image-id=\"128\"\n           data-title=\"SONY DSC\"\n           data-description=\"\"\n           class=\"ngg-simplelightbox\" rel=\"f61bc21e8fbfb2f07bc95eb60fad774f\">\n\n            <img data-image-id='128'\n                 title=\"\"\n                 alt=\"SONY DSC\"\n                 src=\"http:\/\/gabeaumo.cluster005.ovh.net\/lycmet\/wp-content\/gallery\/services\/DSC01587.JPG\"\n                 style=\"max-height: 480px;\"\/>\n        <\/a>\n\n        <\/div> \n<div id=\"ngg-image-16\" class=\"ngg-gallery-slideshow-image\" style=\"height:500px\">\n\n        <a href=\"http:\/\/gabeaumo.cluster005.ovh.net\/lycmet\/wp-content\/gallery\/services\/DSC01608.JPG\"\n           title=\"\"\n           data-src=\"http:\/\/gabeaumo.cluster005.ovh.net\/lycmet\/wp-content\/gallery\/services\/DSC01608.JPG\"\n           data-thumbnail=\"http:\/\/gabeaumo.cluster005.ovh.net\/lycmet\/wp-content\/gallery\/services\/thumbs\/thumbs_DSC01608.JPG\"\n           data-image-id=\"132\"\n           data-title=\"SONY DSC\"\n           data-description=\"\"\n           class=\"ngg-simplelightbox\" rel=\"f61bc21e8fbfb2f07bc95eb60fad774f\">\n\n            <img data-image-id='132'\n                 title=\"\"\n                 alt=\"SONY DSC\"\n                 src=\"http:\/\/gabeaumo.cluster005.ovh.net\/lycmet\/wp-content\/gallery\/services\/DSC01608.JPG\"\n                 style=\"max-height: 480px;\"\/>\n        <\/a>\n\n        <\/div> \n<\/div>\n\n\n\n\n","protected":false},"excerpt":{"rendered":"<p>Atelier Restauration et service \u00e0 la personne (B\u00e2timent D) Cet espace est constitu\u00e9 d\u2019une cuisine collective, d\u2019un cuisine familiale, d\u2019une lingerie, d\u2019une zone d\u00e9di\u00e9e \u00e0 l\u2019ergonomie Soins et de deux salles pour l\u2019animation.<\/p>\n","protected":false},"author":1,"featured_media":0,"parent":0,"menu_order":0,"comment_status":"closed","ping_status":"closed","template":"","meta":{"ngg_post_thumbnail":0,"footnotes":""},"class_list":["post-1082","page","type-page","status-publish","hentry"],"_links":{"self":[{"href":"http:\/\/gabeaumo.cluster005.ovh.net\/lycmet\/wp-json\/wp\/v2\/pages\/1082","targetHints":{"allow":["GET"]}}],"collection":[{"href":"http:\/\/gabeaumo.cluster005.ovh.net\/lycmet\/wp-json\/wp\/v2\/pages"}],"about":[{"href":"http:\/\/gabeaumo.cluster005.ovh.net\/lycmet\/wp-json\/wp\/v2\/types\/page"}],"author":[{"embeddable":true,"href":"http:\/\/gabeaumo.cluster005.ovh.net\/lycmet\/wp-json\/wp\/v2\/users\/1"}],"replies":[{"embeddable":true,"href":"http:\/\/gabeaumo.cluster005.ovh.net\/lycmet\/wp-json\/wp\/v2\/comments?post=1082"}],"version-history":[{"count":3,"href":"http:\/\/gabeaumo.cluster005.ovh.net\/lycmet\/wp-json\/wp\/v2\/pages\/1082\/revisions"}],"predecessor-version":[{"id":1150,"href":"http:\/\/gabeaumo.cluster005.ovh.net\/lycmet\/wp-json\/wp\/v2\/pages\/1082\/revisions\/1150"}],"wp:attachment":[{"href":"http:\/\/gabeaumo.cluster005.ovh.net\/lycmet\/wp-json\/wp\/v2\/media?parent=1082"}],"curies":[{"name":"wp","href":"https:\/\/api.w.org\/{rel}","templated":true}]}}