{"id":1079,"date":"2021-02-10T20:45:59","date_gmt":"2021-02-10T19:45:59","guid":{"rendered":"http:\/\/gabeaumo.cluster005.ovh.net\/lycmet\/?page_id=1079"},"modified":"2021-02-11T08:26:18","modified_gmt":"2021-02-11T07:26:18","slug":"le-plateau-technique-maintenance-industriel","status":"publish","type":"page","link":"http:\/\/gabeaumo.cluster005.ovh.net\/lycmet\/le-plateau-technique-maintenance-industriel\/","title":{"rendered":"Le plateau technique maintenance Industrielle"},"content":{"rendered":"\n<p><strong>Atelier Maintenance (B\u00e2timent E) <\/strong>Cet espace est constitu\u00e9 de trois ateliers :<\/p>\n\n\n\n<ul class=\"wp-block-list\"><li>la zone soudage<\/li><li>la zone m\u00e9canique<\/li><li>la zone syst\u00e8me<\/li><\/ul>\n\n\n\n<p>Cet atelier va b\u00e9n\u00e9ficier de nouveaux investissements cette ann\u00e9e ;<\/p>\n\n\n\n<p>Nouveaux vestiaires pour les \u00e9l\u00e8ves, connexion des machines au r\u00e9seau de l\u2019\u00e9tablissement, acquisition d\u2019une imprimantes 3D, retrofitage de machines<\/p>\n\n\n\n<p>Intervention sur un syst\u00e8me automatis\u00e9<\/p>\n\n\n\n<figure class=\"wp-block-embed is-type-video is-provider-youtube wp-block-embed-youtube wp-embed-aspect-16-9 wp-has-aspect-ratio\"><div class=\"wp-block-embed__wrapper\">\n<iframe loading=\"lazy\" title=\"paletic\" width=\"640\" height=\"360\" src=\"https:\/\/www.youtube.com\/embed\/2LmrVlCdX-w?feature=oembed\" frameborder=\"0\" allow=\"accelerometer; autoplay; clipboard-write; encrypted-media; gyroscope; picture-in-picture; web-share\" referrerpolicy=\"strict-origin-when-cross-origin\" allowfullscreen><\/iframe>\n<\/div><\/figure>\n\n\n\n<p><strong>Visiter de l\u2019atelier et de l&rsquo;espace maintenance<\/strong><\/p>\n\n\n\n\n\n\t<div class='ngg-imagebrowser default-view'\n         id='ngg-imagebrowser-1cee57943fa9e49c9de411105a72d1c3-1079'\n         data-nextgen-gallery-id=\"1cee57943fa9e49c9de411105a72d1c3\">\n\n        <h3>SONY DSC<\/h3>\n\n\t\t<div id=\"ngg-image-0\" class=\"pic\" >\n        \n        <a href='http:\/\/gabeaumo.cluster005.ovh.net\/lycmet\/wp-content\/gallery\/maintenance\/DSC01545.JPG'\n           title=' '\n           data-src=\"http:\/\/gabeaumo.cluster005.ovh.net\/lycmet\/wp-content\/gallery\/maintenance\/DSC01545.JPG\"\n           data-thumbnail=\"http:\/\/gabeaumo.cluster005.ovh.net\/lycmet\/wp-content\/gallery\/maintenance\/thumbs\/thumbs_DSC01545.JPG\"\n           data-image-id=\"113\"\n           data-title=\"SONY DSC\"\n           data-description=\" \"\n           class=\"ngg-simplelightbox\" rel=\"1cee57943fa9e49c9de411105a72d1c3\">\n            <img title='SONY DSC'\n                 alt='SONY DSC'\n                 src='http:\/\/gabeaumo.cluster005.ovh.net\/lycmet\/wp-content\/gallery\/maintenance\/DSC01545.JPG'\/>\n        <\/a>\n\t    \n        <\/div> \n\n        <div class='ngg-imagebrowser-nav'>\n\n            <div class='back'>\n                <a class='ngg-browser-prev'\n                   id='ngg-prev-118'\n                   href='http:\/\/gabeaumo.cluster005.ovh.net\/lycmet\/le-plateau-technique-maintenance-industriel\/nggallery\/image\/dsc01551\/'>\n                    <i class=\"fa fa-chevron-left\" aria-hidden=\"true\"><\/i>\n                <\/a>\n            <\/div>\n\n            <div class='next'>\n                <a class='ngg-browser-next'\n                   id='ngg-next-100'\n                   href='http:\/\/gabeaumo.cluster005.ovh.net\/lycmet\/le-plateau-technique-maintenance-industriel\/nggallery\/image\/dsc01534\/'>\n                    <i class=\"fa fa-chevron-right\" aria-hidden=\"true\"><\/i>\n                <\/a>\n            <\/div>\n\n            <div class='counter'>\n                Image                1                parmi                33            <\/div>\n\n            <div class='ngg-imagebrowser-desc'>\n                <p> <\/p>\n            <\/div>\n\n        <\/div>\n    <\/div>\n\n\n","protected":false},"excerpt":{"rendered":"<p>Atelier Maintenance (B\u00e2timent E) Cet espace est constitu\u00e9 de trois ateliers : la zone soudage la zone m\u00e9canique la zone syst\u00e8me Cet atelier va b\u00e9n\u00e9ficier de nouveaux investissements cette ann\u00e9e ; Nouveaux vestiaires pour les \u00e9l\u00e8ves, connexion des machines au r\u00e9seau de l\u2019\u00e9tablissement, acquisition d\u2019une imprimantes 3D, retrofitage de machines Intervention sur un syst\u00e8me automatis\u00e9&#8230;<\/p>\n","protected":false},"author":1,"featured_media":0,"parent":0,"menu_order":0,"comment_status":"closed","ping_status":"closed","template":"","meta":{"ngg_post_thumbnail":0,"footnotes":""},"class_list":["post-1079","page","type-page","status-publish","hentry"],"_links":{"self":[{"href":"http:\/\/gabeaumo.cluster005.ovh.net\/lycmet\/wp-json\/wp\/v2\/pages\/1079","targetHints":{"allow":["GET"]}}],"collection":[{"href":"http:\/\/gabeaumo.cluster005.ovh.net\/lycmet\/wp-json\/wp\/v2\/pages"}],"about":[{"href":"http:\/\/gabeaumo.cluster005.ovh.net\/lycmet\/wp-json\/wp\/v2\/types\/page"}],"author":[{"embeddable":true,"href":"http:\/\/gabeaumo.cluster005.ovh.net\/lycmet\/wp-json\/wp\/v2\/users\/1"}],"replies":[{"embeddable":true,"href":"http:\/\/gabeaumo.cluster005.ovh.net\/lycmet\/wp-json\/wp\/v2\/comments?post=1079"}],"version-history":[{"count":8,"href":"http:\/\/gabeaumo.cluster005.ovh.net\/lycmet\/wp-json\/wp\/v2\/pages\/1079\/revisions"}],"predecessor-version":[{"id":1142,"href":"http:\/\/gabeaumo.cluster005.ovh.net\/lycmet\/wp-json\/wp\/v2\/pages\/1079\/revisions\/1142"}],"wp:attachment":[{"href":"http:\/\/gabeaumo.cluster005.ovh.net\/lycmet\/wp-json\/wp\/v2\/media?parent=1079"}],"curies":[{"name":"wp","href":"https:\/\/api.w.org\/{rel}","templated":true}]}}