{"id":1058,"date":"2021-02-10T17:27:58","date_gmt":"2021-02-10T16:27:58","guid":{"rendered":"http:\/\/gabeaumo.cluster005.ovh.net\/lycmet\/?page_id=1058"},"modified":"2021-02-11T09:53:34","modified_gmt":"2021-02-11T08:53:34","slug":"la-post-bac-a-beaumont-apres-un-bac-pro","status":"publish","type":"page","link":"http:\/\/gabeaumo.cluster005.ovh.net\/lycmet\/la-post-bac-a-beaumont-apres-un-bac-pro\/","title":{"rendered":"Le Post-Bac \u00e0 Beaumont apr\u00e8s un BAC PRO"},"content":{"rendered":"\n<p>Le lyc\u00e9e Beaumont propose trois BTS accessibles apr\u00e8s un Bac professionnel.<\/p>\n\n\n\n<p>Apr\u00e8s un Bac maintenance, il est possible de s&rsquo;orienter vers le BTS CRSA (Conception et R\u00e9alisation des Syst\u00e8mes Automatiques). Ce BTS est propos\u00e9 chez nous.<\/p>\n\n\n\n<div class=\"wp-block-buttons is-layout-flex wp-block-buttons-is-layout-flex\">\n<div class=\"wp-block-button\"><a class=\"wp-block-button__link\" href=\"http:\/\/gabeaumo.cluster005.ovh.net\/lycmet\/bts-conception-et-realisation-systemes-automatiques\/\" target=\"_blank\" rel=\"noreferrer noopener\"><strong>Pr\u00e9sentation du BTS CRSA au lyc\u00e9e Beaumont<\/strong><\/a><\/div>\n<\/div>\n\n\n\n<p>Apr\u00e8s un Bac Gestion Administration, il est possible de s&rsquo;orienter vers le BTS SAM (Support \u00e0 l&rsquo;Action Manag\u00e9riale). Ces BTS sont propos\u00e9s chez nous.<\/p>\n\n\n\n<div class=\"wp-block-buttons is-layout-flex wp-block-buttons-is-layout-flex\">\n<div class=\"wp-block-button\"><a class=\"wp-block-button__link\" href=\"http:\/\/gabeaumo.cluster005.ovh.net\/lycmet\/bts-support-a-laction-manageriale\/\" target=\"_blank\" rel=\"noreferrer noopener\"><strong>Pr\u00e9sentation du BTS SAM au lyc\u00e9e beaumont<\/strong><\/a><\/div>\n<\/div>\n\n\n\n<p>Le lyc\u00e9e Beaumont propose \u00e9galement un BTS MCO (Management Commercial Op\u00e9rationnel)<\/p>\n\n\n\n<div class=\"wp-block-buttons is-layout-flex wp-block-buttons-is-layout-flex\">\n<div class=\"wp-block-button\"><a class=\"wp-block-button__link\" href=\"http:\/\/gabeaumo.cluster005.ovh.net\/lycmet\/bts-management-commercial-operationnel\/\" target=\"_blank\" rel=\"noreferrer noopener\"><strong>Pr\u00e9sentation du BTS MCO au lyc\u00e9e Beaumont<\/strong><\/a><\/div>\n<\/div>\n","protected":false},"excerpt":{"rendered":"<p>Le lyc\u00e9e Beaumont propose trois BTS accessibles apr\u00e8s un Bac professionnel. Apr\u00e8s un Bac maintenance, il est possible de s&rsquo;orienter vers le BTS CRSA (Conception et R\u00e9alisation des Syst\u00e8mes Automatiques). Ce BTS est propos\u00e9 chez nous. Apr\u00e8s un Bac Gestion Administration, il est possible de s&rsquo;orienter vers le BTS SAM (Support \u00e0 l&rsquo;Action Manag\u00e9riale). Ces&#8230;<\/p>\n","protected":false},"author":1,"featured_media":0,"parent":0,"menu_order":0,"comment_status":"closed","ping_status":"closed","template":"","meta":{"ngg_post_thumbnail":0,"footnotes":""},"class_list":["post-1058","page","type-page","status-publish","hentry"],"_links":{"self":[{"href":"http:\/\/gabeaumo.cluster005.ovh.net\/lycmet\/wp-json\/wp\/v2\/pages\/1058","targetHints":{"allow":["GET"]}}],"collection":[{"href":"http:\/\/gabeaumo.cluster005.ovh.net\/lycmet\/wp-json\/wp\/v2\/pages"}],"about":[{"href":"http:\/\/gabeaumo.cluster005.ovh.net\/lycmet\/wp-json\/wp\/v2\/types\/page"}],"author":[{"embeddable":true,"href":"http:\/\/gabeaumo.cluster005.ovh.net\/lycmet\/wp-json\/wp\/v2\/users\/1"}],"replies":[{"embeddable":true,"href":"http:\/\/gabeaumo.cluster005.ovh.net\/lycmet\/wp-json\/wp\/v2\/comments?post=1058"}],"version-history":[{"count":6,"href":"http:\/\/gabeaumo.cluster005.ovh.net\/lycmet\/wp-json\/wp\/v2\/pages\/1058\/revisions"}],"predecessor-version":[{"id":1230,"href":"http:\/\/gabeaumo.cluster005.ovh.net\/lycmet\/wp-json\/wp\/v2\/pages\/1058\/revisions\/1230"}],"wp:attachment":[{"href":"http:\/\/gabeaumo.cluster005.ovh.net\/lycmet\/wp-json\/wp\/v2\/media?parent=1058"}],"curies":[{"name":"wp","href":"https:\/\/api.w.org\/{rel}","templated":true}]}}